{"id":2,"date":"2024-09-23T07:47:47","date_gmt":"2024-09-23T07:47:47","guid":{"rendered":"http:\/\/localhost\/wordpress\/?page_id=2"},"modified":"2026-03-29T15:12:35","modified_gmt":"2026-03-29T15:12:35","slug":"sample-page","status":"publish","type":"page","link":"https:\/\/www.scanlabpraha.cz\/","title":{"rendered":"Scanlab Praha s.r.o."},"content":{"rendered":"\n<p><strong>V\u00e1\u0161 dodavatel l\u00e9ka\u0159sk\u00e9 a diagnostick\u00e9 techniky<\/strong><\/p>\n\n\n\n<div class=\"wp-block-columns is-layout-flex wp-container-core-columns-is-layout-9d6595d7 wp-block-columns-is-layout-flex\">\n<div class=\"wp-block-column is-layout-flow wp-block-column-is-layout-flow\">\n<p><strong>Nab\u00edz\u00edme V\u00e1m tyto p\u0159\u00edstroje:<\/strong><\/p>\n\n\n\n<ul class=\"wp-block-list\">\n<li><strong>Viasonix Falcon<\/strong> &#8211; foto pletysmograf pro vy\u0161et\u0159en\u00ed tepen a \u017eil<\/li>\n\n\n\n<li><strong>Viasonix Dolphin<\/strong> &#8211; transkrani\u00e1ln\u00ed dopplery<\/li>\n\n\n\n<li><strong>Medicap Pr\u00e9cise<\/strong> &#8211; p\u0159\u00edstroje pro m\u011b\u0159en\u00ed transkut\u00e1nn\u00edho kysl\u00edku<\/li>\n\n\n\n<li><strong>Moor Instruments<\/strong> &#8211; laserov\u00e9 dopplery<\/li>\n\n\n\n<li><strong>Podoskeny\/podoskopy<\/strong> &#8211; vy\u0161et\u0159ovac\u00ed p\u0159\u00edstoj pro podologick\u00e9\/podiatrick\u00e9 ambulance<\/li>\n\n\n\n<li><strong>Neurotesiometry<\/strong><\/li>\n\n\n\n<li><strong>Kapilaroskopy<\/strong> <\/li>\n<\/ul>\n<\/div>\n\n\n\n<div class=\"wp-block-column is-layout-flow wp-block-column-is-layout-flow\">\n<h2 class=\"wp-block-heading alignfull has-text-align-center has-vivid-cyan-blue-color has-text-color has-link-color wp-elements-4437d864f701c5009cec150118da78fd\">NOVINKA!!!!!<\/h2>\n\n\n\n<h3 class=\"wp-block-heading\">Ov\u011b\u0159ujeme elektronick\u00e9 a rtu\u0165ov\u00e9 tonometry. <\/h3>\n\n\n\n<p class=\"has-text-align-center\">Tonometry ov\u011b\u0159ujeme u n\u00e1s v AMS Scanlab Praha, ale m\u016f\u017eeme je ov\u011b\u0159it i u V\u00e1s na pracovi\u0161ti.<\/p>\n\n\n\n<p class=\"has-text-align-center\">V\u00edce informac\u00ed <a href=\"http:\/\/www.overovanitonometru.cz\">ZDE<\/a>.<\/p>\n<\/div>\n<\/div>\n\n\n\n<hr class=\"wp-block-separator has-alpha-channel-opacity\"\/>\n\n\n\n<div class=\"wp-block-columns is-layout-flex wp-container-core-columns-is-layout-9d6595d7 wp-block-columns-is-layout-flex\">\n<div class=\"wp-block-column is-layout-flow wp-block-column-is-layout-flow\" style=\"flex-basis:66.66%\">\n<p><strong>Viasonix Falcon Xpress<\/strong><\/p>\n\n\n\n<p>Pokro\u010dil\u00fd, vysoce v\u00fdkonn\u00fd, kompaktn\u00ed a mobiln\u00ed p\u0159\u00edstroj pro c\u00e9vn\u00ed vy\u0161et\u0159en\u00e9. Nejmodern\u011bj\u0161\u00ed a u\u017eivatelsky p\u0159\u00edv\u011btiv\u00e9 \u0159e\u0161en\u00ed c\u00e9vn\u00ed diagnostiky pro nemocnice, kliniky i mobiln\u00ed pou\u017eit\u00ed. M\u011b\u0159en\u00ed parametr\u016f nebylo jednodu\u0161\u0161\u00ed, <strong>ABI a TBI do dvou minut<\/strong>. P\u0159\u00edstroj m\u011b\u0159\u00ed zcela automaticky. Pr\u016fb\u011bh v\u0161ech m\u011b\u0159en\u00ed, grafy, hodnoty jsou zobrazen\u00e9 p\u0159\u00edmo na obrazovce. Software je v \u010de\u0161tin\u011b. N\u011bkolik variant, od mobiln\u00e9 verze, a\u017e po verze na stojanu. P\u0159\u00edstroj vyhovuje v\u00fdkonu 12 028 (M\u011b\u0159e\u00ed TBI na kon\u010detin\u00e1ch). P\u0159\u00edstroj, nov\u011b, kombinuje foto-pletysmografick\u00e9 a oscilometrick\u00e9 syst\u00e9my m\u011b\u0159en\u00ed.<\/p>\n\n\n\n<p>V\u00edce informac\u00ed naleznete <a href=\"https:\/\/www.scanlabpraha.cz\/?page_id=608\" data-type=\"page\" data-id=\"608\">ZDE<\/a>.<\/p>\n<\/div>\n\n\n\n<div class=\"wp-block-column is-layout-flow wp-block-column-is-layout-flow\" style=\"flex-basis:33.33%\">\n<figure class=\"wp-block-image size-full is-resized\"><img loading=\"lazy\" decoding=\"async\" width=\"313\" height=\"511\" src=\"https:\/\/www.scanlabpraha.cz\/wp-content\/uploads\/2025\/09\/technician-holding-falcon-xpress-cart-1.png\" alt=\"\" class=\"wp-image-660\" style=\"aspect-ratio:0.6125263898662914;width:254px;height:auto\" srcset=\"https:\/\/www.scanlabpraha.cz\/wp-content\/uploads\/2025\/09\/technician-holding-falcon-xpress-cart-1.png 313w, https:\/\/www.scanlabpraha.cz\/wp-content\/uploads\/2025\/09\/technician-holding-falcon-xpress-cart-1-184x300.png 184w\" sizes=\"auto, (max-width: 313px) 100vw, 313px\" \/><\/figure>\n<\/div>\n<\/div>\n\n\n\n<blockquote class=\"wp-block-quote is-layout-flow wp-block-quote-is-layout-flow\">\n<p><\/p>\n<\/blockquote>\n\n\n\n<hr class=\"wp-block-separator has-alpha-channel-opacity\"\/>\n\n\n\n<div class=\"wp-block-columns is-layout-flex wp-container-core-columns-is-layout-9d6595d7 wp-block-columns-is-layout-flex\">\n<div class=\"wp-block-column is-layout-flow wp-block-column-is-layout-flow\"><div class=\"wp-block-image\">\n<figure data-wp-context=\"{&quot;imageId&quot;:&quot;69f4ccb968e28&quot;}\" data-wp-interactive=\"core\/image\" data-wp-key=\"69f4ccb968e28\" class=\"aligncenter size-large is-resized wp-lightbox-container\"><img loading=\"lazy\" decoding=\"async\" width=\"700\" height=\"1024\" data-wp-class--hide=\"state.isContentHidden\" data-wp-class--show=\"state.isContentVisible\" data-wp-init=\"callbacks.setButtonStyles\" data-wp-on--click=\"actions.showLightbox\" data-wp-on--load=\"callbacks.setButtonStyles\" data-wp-on-window--resize=\"callbacks.setButtonStyles\" src=\"https:\/\/www.scanlabpraha.cz\/wp-content\/uploads\/2024\/10\/VSX_HighRes_Transparent_FalconOnCart-700x1024.png\" alt=\"\" class=\"wp-image-64\" style=\"aspect-ratio:0.6835996635828427;width:304px;height:auto\" srcset=\"https:\/\/www.scanlabpraha.cz\/wp-content\/uploads\/2024\/10\/VSX_HighRes_Transparent_FalconOnCart-700x1024.png 700w, https:\/\/www.scanlabpraha.cz\/wp-content\/uploads\/2024\/10\/VSX_HighRes_Transparent_FalconOnCart-205x300.png 205w, https:\/\/www.scanlabpraha.cz\/wp-content\/uploads\/2024\/10\/VSX_HighRes_Transparent_FalconOnCart-768x1123.png 768w, https:\/\/www.scanlabpraha.cz\/wp-content\/uploads\/2024\/10\/VSX_HighRes_Transparent_FalconOnCart-1050x1536.png 1050w, https:\/\/www.scanlabpraha.cz\/wp-content\/uploads\/2024\/10\/VSX_HighRes_Transparent_FalconOnCart-1400x2048.png 1400w\" sizes=\"auto, (max-width: 700px) 100vw, 700px\" \/><button\n\t\t\tclass=\"lightbox-trigger\"\n\t\t\ttype=\"button\"\n\t\t\taria-haspopup=\"dialog\"\n\t\t\taria-label=\"Zv\u011bt\u0161it\"\n\t\t\tdata-wp-init=\"callbacks.initTriggerButton\"\n\t\t\tdata-wp-on--click=\"actions.showLightbox\"\n\t\t\tdata-wp-style--right=\"state.imageButtonRight\"\n\t\t\tdata-wp-style--top=\"state.imageButtonTop\"\n\t\t>\n\t\t\t<svg xmlns=\"http:\/\/www.w3.org\/2000\/svg\" width=\"12\" height=\"12\" fill=\"none\" viewBox=\"0 0 12 12\">\n\t\t\t\t<path fill=\"#fff\" d=\"M2 0a2 2 0 0 0-2 2v2h1.5V2a.5.5 0 0 1 .5-.5h2V0H2Zm2 10.5H2a.5.5 0 0 1-.5-.5V8H0v2a2 2 0 0 0 2 2h2v-1.5ZM8 12v-1.5h2a.5.5 0 0 0 .5-.5V8H12v2a2 2 0 0 1-2 2H8Zm2-12a2 2 0 0 1 2 2v2h-1.5V2a.5.5 0 0 0-.5-.5H8V0h2Z\" \/>\n\t\t\t<\/svg>\n\t\t<\/button><\/figure>\n<\/div><\/div>\n\n\n\n<div class=\"wp-block-column is-layout-flow wp-block-column-is-layout-flow\">\n<p><strong>Viasonix Falcon PRO\/QUAD\/ABI<\/strong><\/p>\n\n\n\n<p>Kompletn\u00ed pracovn\u00ed stanice pro tepenn\u00e9 a \u017eiln\u00ed vy\u0161et\u0159en\u00ed. Dod\u00e1v\u00e1me jako kompletn\u00ed p\u0159\u00edstroj, a to v\u010detn\u011b mobiln\u00edho stojanu, PC + dotykov\u00e9ho monitoru, PPG senzor\u016f, doppler sond apod. Nej\u0161ir\u0161\u00ed spektrum m\u011b\u0159en\u00fdch parametr\u016f. Software lze t\u00e9m\u011b\u0159 absolutn\u011b u\u017eivatelsky upravit. Nab\u00edz\u00edme n\u011bkolik model\u016f p\u0159\u00edstroje Falcon. T\u00e9m\u011b\u0159 50 instalac\u00ed v \u010cR.<\/p>\n\n\n\n<p>P\u0159\u00edstroj, nov\u011b, kombinuje foto-pletysmografick\u00e9 a oscilometrick\u00e9 syst\u00e9my m\u011b\u0159en\u00ed.<\/p>\n\n\n\n<p>V\u00edce infomac\u00ed naleznete <a href=\"https:\/\/www.scanlabpraha.cz\/?page_id=8\" data-type=\"page\" data-id=\"8\">ZDE<\/a>.<\/p>\n<\/div>\n<\/div>\n\n\n\n<hr class=\"wp-block-separator has-alpha-channel-opacity\"\/>\n\n\n\n<div class=\"wp-block-columns is-layout-flex wp-container-core-columns-is-layout-9d6595d7 wp-block-columns-is-layout-flex\">\n<div class=\"wp-block-column is-layout-flow wp-block-column-is-layout-flow\">\n<p><strong>Medicap Pr\u00e9cise 8008 a 8001<\/strong><\/p>\n\n\n\n<p>Modern\u00ed monitory transkut\u00e1nn\u00edho kysl\u00edku. Dod\u00e1v\u00e1me dva modely, Pr\u00e9sice 8008 (1 a\u017e 8 m\u011b\u0159\u00edc\u00edch senzor\u016f) a Pr\u00e9cise 8001 (1 m\u011b\u0159\u00edc\u00ed senzor). P\u0159\u00edstroje pou\u017e\u00edvaj\u00ed foto-optick\u00fd zp\u016fsob m\u011b\u0159en\u00ed a nevy\u017eaduj\u00ed pou\u017eit\u00ed membr\u00e1n. T\u00edm zna\u010dn\u011b sni\u017euj\u00ed n\u00e1klady na provoz a rychlost m\u011b\u0159en\u00ed. Software obou p\u0159\u00edstroj\u016f je v \u010desk\u00e9m jazyce. T\u00e9m\u011b\u0159 90 prodan\u00fdch p\u0159\u00edstroj\u016f v \u010cR a SR. Jedin\u00fd, v\u00edce kan\u00e1lov\u00fd syst\u00e9m m\u011b\u0159en\u00ed tcpO2 foto-optickou metodou, v \u010cR\/SR.<\/p>\n\n\n\n<p>V\u00edce informac\u00ed <a href=\"https:\/\/www.scanlabpraha.cz\/?page_id=76\" data-type=\"page\" data-id=\"76\">ZDE<\/a>.<\/p>\n<\/div>\n\n\n\n<div class=\"wp-block-column is-layout-flow wp-block-column-is-layout-flow\">\n<figure class=\"wp-block-image size-large is-resized\"><img loading=\"lazy\" decoding=\"async\" width=\"1024\" height=\"683\" src=\"http:\/\/www.scanlabpraha.cz\/wp-content\/uploads\/2024\/10\/Img24919_2-1024x683.jpg\" alt=\"\" class=\"wp-image-89\" style=\"width:543px;height:auto\" srcset=\"https:\/\/www.scanlabpraha.cz\/wp-content\/uploads\/2024\/10\/Img24919_2-1024x683.jpg 1024w, https:\/\/www.scanlabpraha.cz\/wp-content\/uploads\/2024\/10\/Img24919_2-300x200.jpg 300w, https:\/\/www.scanlabpraha.cz\/wp-content\/uploads\/2024\/10\/Img24919_2-768x513.jpg 768w, https:\/\/www.scanlabpraha.cz\/wp-content\/uploads\/2024\/10\/Img24919_2-1536x1025.jpg 1536w, https:\/\/www.scanlabpraha.cz\/wp-content\/uploads\/2024\/10\/Img24919_2-2048x1367.jpg 2048w\" sizes=\"auto, (max-width: 1024px) 100vw, 1024px\" \/><\/figure>\n<\/div>\n<\/div>\n\n\n\n<hr class=\"wp-block-separator has-alpha-channel-opacity\"\/>\n\n\n\n<div class=\"wp-block-columns is-layout-flex wp-container-core-columns-is-layout-9d6595d7 wp-block-columns-is-layout-flex\">\n<div class=\"wp-block-column is-layout-flow wp-block-column-is-layout-flow\">\n<figure class=\"wp-block-image size-full is-resized\"><img loading=\"lazy\" decoding=\"async\" width=\"600\" height=\"600\" src=\"https:\/\/www.scanlabpraha.cz\/wp-content\/uploads\/2025\/01\/6-1.png\" alt=\"\" class=\"wp-image-510\" style=\"width:264px;height:auto\" srcset=\"https:\/\/www.scanlabpraha.cz\/wp-content\/uploads\/2025\/01\/6-1.png 600w, https:\/\/www.scanlabpraha.cz\/wp-content\/uploads\/2025\/01\/6-1-300x300.png 300w, https:\/\/www.scanlabpraha.cz\/wp-content\/uploads\/2025\/01\/6-1-150x150.png 150w, https:\/\/www.scanlabpraha.cz\/wp-content\/uploads\/2025\/01\/6-1-100x100.png 100w\" sizes=\"auto, (max-width: 600px) 100vw, 600px\" \/><\/figure>\n<\/div>\n\n\n\n<div class=\"wp-block-column is-layout-flow wp-block-column-is-layout-flow\">\n<p class=\"has-medium-font-size\"><strong>Neurotesiometr<\/strong><\/p>\n\n\n\n<p>Neurothesiometr se pou\u017e\u00edv\u00e1 k ur\u010den\u00ed prahu citlivosti na vibrace na jak\u00e9mkoli po\u017eadovan\u00e9m m\u00edst\u011b na povrchu t\u011bla.<\/p>\n\n\n\n<p>V\u00edce informac\u00ed <a href=\"https:\/\/www.scanlabpraha.cz\/?page_id=128\" data-type=\"page\" data-id=\"128\">ZDE<\/a>.<\/p>\n<\/div>\n<\/div>\n\n\n\n<hr class=\"wp-block-separator has-alpha-channel-opacity\"\/>\n\n\n\n<div class=\"wp-block-columns is-layout-flex wp-container-core-columns-is-layout-9d6595d7 wp-block-columns-is-layout-flex\">\n<div class=\"wp-block-column is-layout-flow wp-block-column-is-layout-flow\">\n<p><strong>Podoskop<\/strong><\/p>\n\n\n\n<p>Podoskop je za\u0159\u00edzen\u00ed pou\u017e\u00edvan\u00e9 k vy\u0161et\u0159en\u00ed a diagnostice stavu chodidel a postaven\u00ed nohou. Slou\u017e\u00ed k pozorov\u00e1n\u00ed rozlo\u017een\u00ed tlaku na chodidlech a p\u0159\u00edpadn\u00fdch deformit nohou, jako jsou ploch\u00e9 nohy nebo vysok\u00e1 klenba. <\/p>\n\n\n\n<p>V\u00edce informac\u00ed <a href=\"https:\/\/www.scanlabpraha.cz\/?page_id=203\" data-type=\"page\" data-id=\"203\">ZDE<\/a><\/p>\n<\/div>\n\n\n\n<div class=\"wp-block-column is-layout-flow wp-block-column-is-layout-flow\"><div class=\"wp-block-image\">\n<figure class=\"aligncenter size-full is-resized\"><img loading=\"lazy\" decoding=\"async\" width=\"400\" height=\"400\" src=\"https:\/\/www.scanlabpraha.cz\/wp-content\/uploads\/2024\/10\/stoji-1.jpg\" alt=\"\" class=\"wp-image-215\" style=\"width:200px;height:auto\" srcset=\"https:\/\/www.scanlabpraha.cz\/wp-content\/uploads\/2024\/10\/stoji-1.jpg 400w, https:\/\/www.scanlabpraha.cz\/wp-content\/uploads\/2024\/10\/stoji-1-300x300.jpg 300w, https:\/\/www.scanlabpraha.cz\/wp-content\/uploads\/2024\/10\/stoji-1-150x150.jpg 150w, https:\/\/www.scanlabpraha.cz\/wp-content\/uploads\/2024\/10\/stoji-1-100x100.jpg 100w\" sizes=\"auto, (max-width: 400px) 100vw, 400px\" \/><\/figure>\n<\/div><\/div>\n<\/div>\n\n\n\n<hr class=\"wp-block-separator has-alpha-channel-opacity\"\/>\n\n\n\n<div class=\"wp-block-columns is-layout-flex wp-container-core-columns-is-layout-9d6595d7 wp-block-columns-is-layout-flex\">\n<div class=\"wp-block-column is-layout-flow wp-block-column-is-layout-flow\"><div class=\"wp-block-image\">\n<figure class=\"aligncenter size-full is-resized\"><img loading=\"lazy\" decoding=\"async\" width=\"712\" height=\"417\" src=\"https:\/\/www.scanlabpraha.cz\/wp-content\/uploads\/2024\/10\/pro-500-bezdrat-1.webp\" alt=\"\" class=\"wp-image-244\" style=\"width:227px;height:auto\" srcset=\"https:\/\/www.scanlabpraha.cz\/wp-content\/uploads\/2024\/10\/pro-500-bezdrat-1.webp 712w, https:\/\/www.scanlabpraha.cz\/wp-content\/uploads\/2024\/10\/pro-500-bezdrat-1-300x176.webp 300w\" sizes=\"auto, (max-width: 712px) 100vw, 712px\" \/><\/figure>\n<\/div><\/div>\n\n\n\n<div class=\"wp-block-column is-layout-flow wp-block-column-is-layout-flow\">\n<p><strong>Kapilaroskopy<\/strong><\/p>\n\n\n\n<p>Kapilaroskopie je vy\u0161et\u0159en\u00ed kapil\u00e1r (drobn\u00e9 krevn\u00ed c\u00e9vy) k\u016f\u017ee na okraji neht\u016f. Dino-Lite CapillaryScope dok\u00e1\u017ee zobrazit kapil\u00e1ry ve vysok\u00e9m zv\u011bt\u0161en\u00ed, stejn\u011b jako \u00fabytek kapil\u00e1r, tvorbu uzl\u016f v kapil\u00e1r\u00e1ch a krv\u00e1cen\u00ed. Na z\u00e1klad\u011b t\u011bchto informac\u00ed mohou l\u00e9ka\u0159i diagnostikovat stav c\u00e9v v ostatn\u00edch \u010d\u00e1stech t\u011bla. Kapilaroskopie nehtov\u00e9ho l\u016f\u017eka m\u016f\u017ee nap\u0159\u00edklad odhalit sklerodermii nebo dermatomyozitidu.<\/p>\n\n\n\n<p>V\u00edce informac\u00ed <a href=\"https:\/\/www.scanlabpraha.cz\/?page_id=225\" data-type=\"page\" data-id=\"225\">ZDE<\/a><\/p>\n<\/div>\n<\/div>\n\n\n\n<hr class=\"wp-block-separator has-alpha-channel-opacity\"\/>\n\n\n\n<p class=\"has-text-align-center\"><em>V\u0161echny n\u00e1mi nab\u00edzen\u00e9 p\u0159\u00edstroje kupujeme pouze p\u0159\u00edmo od jednotliv\u00fdch v\u00fdrobc\u016f. Prov\u00e1d\u00edme z\u00e1ru\u010dn\u00ed i poz\u00e1ru\u010dn\u00ed servis, v\u010detn\u011b BTK. Term\u00edny BTK si hl\u00edd\u00e1me sami. P\u0159\u00edstroje nab\u00edz\u00edme v \u010cesk\u00e9 a Slovensk\u00e9 republice.<\/em><\/p>\n\n\n\n<p><strong>\u201eV\u00e1\u017een\u00ed z\u00e1kazn\u00edci zo Slovenska, po novom m\u00e1me u v\u00e1s obchodn\u00e9ho z\u00e1stupcu, ktor\u00fd v\u00e1m ur\u010dite vyjde v \u00fastrety.\u201c<\/strong><\/p>\n\n\n\n<p><\/p>\n","protected":false},"excerpt":{"rendered":"<p>V\u00e1\u0161 dodavatel l\u00e9ka\u0159sk\u00e9 a diagnostick\u00e9 techniky Nab\u00edz\u00edme V\u00e1m tyto p\u0159\u00edstroje: NOVINKA!!!!! Ov\u011b\u0159ujeme elektronick\u00e9 a rtu\u0165ov\u00e9 tonometry. Tonometry ov\u011b\u0159ujeme u n\u00e1s v AMS Scanlab Praha, ale m\u016f\u017eeme je ov\u011b\u0159it i u V\u00e1s na pracovi\u0161ti. V\u00edce informac\u00ed ZDE. Viasonix Falcon Xpress Pokro\u010dil\u00fd, vysoce v\u00fdkonn\u00fd, kompaktn\u00ed a mobiln\u00ed p\u0159\u00edstroj pro c\u00e9vn\u00ed vy\u0161et\u0159en\u00e9. Nejmodern\u011bj\u0161\u00ed a u\u017eivatelsky p\u0159\u00edv\u011btiv\u00e9 \u0159e\u0161en\u00ed c\u00e9vn\u00ed [&hellip;]<\/p>\n","protected":false},"author":1,"featured_media":15,"parent":0,"menu_order":0,"comment_status":"closed","ping_status":"open","template":"","meta":{"iawp_total_views":1204,"footnotes":""},"class_list":["post-2","page","type-page","status-publish","has-post-thumbnail","hentry"],"jetpack_sharing_enabled":true,"_links":{"self":[{"href":"https:\/\/www.scanlabpraha.cz\/index.php?rest_route=\/wp\/v2\/pages\/2","targetHints":{"allow":["GET"]}}],"collection":[{"href":"https:\/\/www.scanlabpraha.cz\/index.php?rest_route=\/wp\/v2\/pages"}],"about":[{"href":"https:\/\/www.scanlabpraha.cz\/index.php?rest_route=\/wp\/v2\/types\/page"}],"author":[{"embeddable":true,"href":"https:\/\/www.scanlabpraha.cz\/index.php?rest_route=\/wp\/v2\/users\/1"}],"replies":[{"embeddable":true,"href":"https:\/\/www.scanlabpraha.cz\/index.php?rest_route=%2Fwp%2Fv2%2Fcomments&post=2"}],"version-history":[{"count":52,"href":"https:\/\/www.scanlabpraha.cz\/index.php?rest_route=\/wp\/v2\/pages\/2\/revisions"}],"predecessor-version":[{"id":773,"href":"https:\/\/www.scanlabpraha.cz\/index.php?rest_route=\/wp\/v2\/pages\/2\/revisions\/773"}],"wp:featuredmedia":[{"embeddable":true,"href":"https:\/\/www.scanlabpraha.cz\/index.php?rest_route=\/wp\/v2\/media\/15"}],"wp:attachment":[{"href":"https:\/\/www.scanlabpraha.cz\/index.php?rest_route=%2Fwp%2Fv2%2Fmedia&parent=2"}],"curies":[{"name":"wp","href":"https:\/\/api.w.org\/{rel}","templated":true}]}}