{"id":203,"date":"2024-10-17T11:08:33","date_gmt":"2024-10-17T11:08:33","guid":{"rendered":"https:\/\/www.scanlabpraha.cz\/?page_id=203"},"modified":"2025-02-15T18:33:56","modified_gmt":"2025-02-15T18:33:56","slug":"podoscan-podo4foot-2d","status":"publish","type":"page","link":"https:\/\/www.scanlabpraha.cz\/?page_id=203","title":{"rendered":"Podoscan Podo4Foot 2D Podo4foot"},"content":{"rendered":"\n<blockquote class=\"wp-block-quote is-layout-flow wp-block-quote-is-layout-flow\"><\/blockquote>\n\n\n\n<p><strong>Podoscan Podo4Foot\u00ae 2D<\/strong> je patentovan\u00fd digit\u00e1ln\u00ed skener pro posouzen\u00ed plant\u00e1rn\u00ed strany chodidel.<br><br>Podoskop je za\u0159\u00edzen\u00ed pou\u017e\u00edvan\u00e9 k vy\u0161et\u0159en\u00ed a diagnostice stavu chodidel a postaven\u00ed nohou. Slou\u017e\u00ed k pozorov\u00e1n\u00ed rozlo\u017een\u00ed tlaku na chodidlech a p\u0159\u00edpadn\u00fdch deformit nohou, jako jsou ploch\u00e9 nohy nebo vysok\u00e1 klenba. Podoskop je vybaven osv\u011btlovac\u00edm syst\u00e9mem a pr\u016fhlednou deskou, na kterou si \u010dlov\u011bk stoupne, co\u017e umo\u017e\u0148uje odborn\u00edkovi, jako je podiatr nebo ortoped, analyzovat stav chodidla zespodu. Tento p\u0159\u00edstroj se pou\u017e\u00edv\u00e1 p\u0159edev\u0161\u00edm v ortopedii, fyzioterapii a podiatrii.<\/p>\n\n\n\n<div class=\"wp-block-columns is-layout-flex wp-container-core-columns-is-layout-9d6595d7 wp-block-columns-is-layout-flex\">\n<div class=\"wp-block-column is-layout-flow wp-block-column-is-layout-flow\">\n<p><strong>V\u00fdhody p\u0159\u00edstroje Podo4Foot 2D:<\/strong><\/p>\n\n\n\n<ul class=\"wp-block-list\">\n<li>nejleh\u010d\u00ed p\u0159\u00edstroj na trhu<\/li>\n\n\n\n<li>nejmen\u0161\u00ed p\u0159\u00edstroj na trhu<\/li>\n\n\n\n<li>kombinace podoskopu a skeneru<\/li>\n\n\n\n<li>odoln\u00fd v\u016f\u010di okoln\u00edmu osv\u011btlen\u00ed<\/li>\n\n\n\n<li>s pomoc\u00ed softwaru se z n\u011bj st\u00e1v\u00e1 diagnostick\u00e9 za\u0159\u00edzen\u00ed<\/li>\n<\/ul>\n<\/div>\n\n\n\n<div class=\"wp-block-column is-layout-flow wp-block-column-is-layout-flow\"><div class=\"wp-block-image\">\n<figure class=\"aligncenter size-full is-resized\"><img loading=\"lazy\" decoding=\"async\" width=\"400\" height=\"400\" src=\"https:\/\/www.scanlabpraha.cz\/wp-content\/uploads\/2024\/10\/stoji.jpg\" alt=\"\" class=\"wp-image-206\" style=\"width:224px;height:auto\" srcset=\"https:\/\/www.scanlabpraha.cz\/wp-content\/uploads\/2024\/10\/stoji.jpg 400w, https:\/\/www.scanlabpraha.cz\/wp-content\/uploads\/2024\/10\/stoji-300x300.jpg 300w, https:\/\/www.scanlabpraha.cz\/wp-content\/uploads\/2024\/10\/stoji-150x150.jpg 150w, https:\/\/www.scanlabpraha.cz\/wp-content\/uploads\/2024\/10\/stoji-100x100.jpg 100w\" sizes=\"auto, (max-width: 400px) 100vw, 400px\" \/><\/figure>\n<\/div><\/div>\n<\/div>\n\n\n\n<div class=\"wp-block-columns is-layout-flex wp-container-core-columns-is-layout-9d6595d7 wp-block-columns-is-layout-flex\">\n<div class=\"wp-block-column is-layout-flow wp-block-column-is-layout-flow\"><div class=\"wp-block-image\">\n<figure class=\"aligncenter size-full is-resized\"><img loading=\"lazy\" decoding=\"async\" width=\"400\" height=\"355\" src=\"https:\/\/www.scanlabpraha.cz\/wp-content\/uploads\/2024\/10\/software.jpg\" alt=\"\" class=\"wp-image-208\" style=\"width:359px;height:auto\" srcset=\"https:\/\/www.scanlabpraha.cz\/wp-content\/uploads\/2024\/10\/software.jpg 400w, https:\/\/www.scanlabpraha.cz\/wp-content\/uploads\/2024\/10\/software-300x266.jpg 300w\" sizes=\"auto, (max-width: 400px) 100vw, 400px\" \/><\/figure>\n<\/div><\/div>\n\n\n\n<div class=\"wp-block-column is-layout-flow wp-block-column-is-layout-flow\">\n<p>P\u0159\u00edstroj pracuje na z\u00e1klad\u011b vyvinut\u00e9&nbsp;<br>podoskopick\u00e9 metody&nbsp;. Krom\u011b p\u0159esn\u00e9ho tisku (plantokonturogramu) z\u00edsk\u00e1me informace o prostorov\u00e9m tvaru no\u017en\u00ed klenby. To umo\u017e\u0148uje&nbsp;<br>spolehliv\u00e9 posouzen\u00ed&nbsp;funk\u010dn\u00edho stavu nohy.<\/p>\n\n\n\n<p><\/p>\n\n\n\n<p><strong>Technick\u00e9 \u00fadaje:<\/strong><\/p>\n\n\n\n<ul class=\"wp-block-list\">\n<li>maxim\u00e1ln\u00ed velikost skenov\u00e1n\u00ed: 216 x 297 cm<\/li>\n\n\n\n<li>maxim\u00e1ln\u00ed velikost sn\u00edmen\u00e9 nohy: 46<\/li>\n\n\n\n<li>rozhran\u00ed USB<\/li>\n\n\n\n<li>optick\u00e9 rozli\u0161en\u00ed: 1200 x 2400 dpi<\/li>\n<\/ul>\n<\/div>\n<\/div>\n\n\n\n<hr class=\"wp-block-separator has-alpha-channel-opacity\"\/>\n\n\n\n<p><strong>RGB diagnostick\u00fd podoskop s Full HD kamerou<\/strong> <\/p>\n\n\n\n<div class=\"wp-block-columns is-layout-flex wp-container-core-columns-is-layout-9d6595d7 wp-block-columns-is-layout-flex\">\n<div class=\"wp-block-column is-layout-flow wp-block-column-is-layout-flow\">\n<p>Diagnostick\u00fd podoskop Podo4Foot\u00ae CAM RGB je za\u0159\u00edzen\u00ed pro diagnostiku nohou. Diagnostika nohou je sou\u010d\u00e1st\u00ed diagnostiky p\u0159\u00edpadn\u00fdch vad dr\u017een\u00ed t\u011bla. Za\u0159\u00edzen\u00ed je vybaveno Full HD kamerou pro archivaci v\u00fdsledk\u016f test\u016f a d\u00e1lkov\u00fdm ovl\u00e1d\u00e1n\u00edm pro zm\u011bnu barvy osv\u011btlen\u00ed podoskopu.<\/p>\n<\/div>\n\n\n\n<div class=\"wp-block-column is-layout-flow wp-block-column-is-layout-flow\">\n<figure class=\"wp-block-gallery has-nested-images columns-default is-cropped wp-block-gallery-1 is-layout-flex wp-block-gallery-is-layout-flex\">\n<figure class=\"wp-block-image size-large\"><img loading=\"lazy\" decoding=\"async\" width=\"1024\" height=\"945\" data-id=\"487\" src=\"https:\/\/www.scanlabpraha.cz\/wp-content\/uploads\/2025\/01\/Obrazek-6-1024x945.webp\" alt=\"\" class=\"wp-image-487\" srcset=\"https:\/\/www.scanlabpraha.cz\/wp-content\/uploads\/2025\/01\/Obrazek-6-1024x945.webp 1024w, https:\/\/www.scanlabpraha.cz\/wp-content\/uploads\/2025\/01\/Obrazek-6-300x277.webp 300w, https:\/\/www.scanlabpraha.cz\/wp-content\/uploads\/2025\/01\/Obrazek-6-768x709.webp 768w, https:\/\/www.scanlabpraha.cz\/wp-content\/uploads\/2025\/01\/Obrazek-6.webp 1499w\" sizes=\"auto, (max-width: 1024px) 100vw, 1024px\" \/><\/figure>\n<\/figure>\n<\/div>\n<\/div>\n\n\n\n<div class=\"wp-block-columns is-layout-flex wp-container-core-columns-is-layout-9d6595d7 wp-block-columns-is-layout-flex\">\n<div class=\"wp-block-column is-layout-flow wp-block-column-is-layout-flow\">\n<p>Z\u00e1znam pohybov\u00fdch sekvenc\u00ed umo\u017e\u0148uje archivovat a\u017e 30 sn\u00edmk\u016f za sekundu.<\/p>\n\n\n\n<p>Za\u0159\u00edzen\u00ed obsahuje origin\u00e1ln\u00ed software pro archivaci fotografi\u00ed\/vide\u00ed z vy\u0161et\u0159en\u00ed nohou a je mo\u017en\u00e9 po\u0159izovat fotografie otisk\u016f, kter\u00e9 lze vyu\u017e\u00edt k archivaci vy\u0161et\u0159en\u00fdch pacient\u016f.<\/p>\n<\/div>\n\n\n\n<div class=\"wp-block-column is-layout-flow wp-block-column-is-layout-flow\">\n<p>Nohy d\u011bt\u00ed a dosp\u00edvaj\u00edc\u00edch lze vy\u0161et\u0159it pomoc\u00ed podoskopu. Poskytuje mnoho z\u00e1kladn\u00edch informac\u00ed nezbytn\u00fdch p\u0159i diagnostice a l\u00e9\u010db\u011b jak\u00fdchkoli onemocn\u011bn\u00ed. Umo\u017e\u0148uje spr\u00e1vn\u00e9 posouzen\u00ed tvaru nohy, p\u0159\u00edtomnosti ztlu\u0161t\u011bn\u00ed na k\u016f\u017ei a ku\u0159\u00ed oka. Podoskop je snadno pou\u017eiteln\u00e9 za\u0159\u00edzen\u00ed.<\/p>\n<\/div>\n<\/div>\n\n\n\n<hr class=\"wp-block-separator has-alpha-channel-opacity\"\/>\n\n\n\n<blockquote class=\"wp-block-quote is-layout-flow wp-block-quote-is-layout-flow\">\n<p>P\u0159\u00edstroj V\u00e1m r\u00e1di p\u0159edvedeme. M\u00e1me n\u011bkolik kus\u016f skladem. <\/p>\n<\/blockquote>\n\n\n\n<hr class=\"wp-block-separator has-alpha-channel-opacity\"\/>\n\n\n\n<figure class=\"wp-block-gallery has-nested-images columns-default is-cropped wp-block-gallery-2 is-layout-flex wp-block-gallery-is-layout-flex\">\n<figure class=\"wp-block-image size-large\"><img loading=\"lazy\" decoding=\"async\" width=\"480\" height=\"640\" data-id=\"579\" src=\"https:\/\/www.scanlabpraha.cz\/wp-content\/uploads\/2025\/02\/241211-115059-rotated.jpg\" alt=\"\" class=\"wp-image-579\" srcset=\"https:\/\/www.scanlabpraha.cz\/wp-content\/uploads\/2025\/02\/241211-115059-rotated.jpg 480w, https:\/\/www.scanlabpraha.cz\/wp-content\/uploads\/2025\/02\/241211-115059-225x300.jpg 225w\" sizes=\"auto, (max-width: 480px) 100vw, 480px\" \/><\/figure>\n\n\n\n<figure class=\"wp-block-image size-large\"><img loading=\"lazy\" decoding=\"async\" width=\"480\" height=\"640\" data-id=\"580\" src=\"https:\/\/www.scanlabpraha.cz\/wp-content\/uploads\/2025\/02\/241211-115103-rotated.jpg\" alt=\"\" class=\"wp-image-580\" srcset=\"https:\/\/www.scanlabpraha.cz\/wp-content\/uploads\/2025\/02\/241211-115103-rotated.jpg 480w, https:\/\/www.scanlabpraha.cz\/wp-content\/uploads\/2025\/02\/241211-115103-225x300.jpg 225w\" sizes=\"auto, (max-width: 480px) 100vw, 480px\" \/><\/figure>\n\n\n\n<figure class=\"wp-block-image size-large\"><img loading=\"lazy\" decoding=\"async\" width=\"480\" height=\"640\" data-id=\"581\" src=\"https:\/\/www.scanlabpraha.cz\/wp-content\/uploads\/2025\/02\/241211-115124-rotated.jpg\" alt=\"\" class=\"wp-image-581\" srcset=\"https:\/\/www.scanlabpraha.cz\/wp-content\/uploads\/2025\/02\/241211-115124-rotated.jpg 480w, https:\/\/www.scanlabpraha.cz\/wp-content\/uploads\/2025\/02\/241211-115124-225x300.jpg 225w\" sizes=\"auto, (max-width: 480px) 100vw, 480px\" \/><\/figure>\n<\/figure>\n\n\n\n<div style=\"height:58px\" aria-hidden=\"true\" class=\"wp-block-spacer\"><\/div>\n\n\n\n<p>V p\u0159\u00edpad\u011b z\u00e1jmu o p\u0159\u00edstroje, pros\u00edm, vypl\u0148te n\u00e1sleduj\u00edc\u00ed dotazn\u00edk:<\/p>\n\n\n<style id=\"wpforms-css-vars-root\">\n\t\t\t\t:root {\n\t\t\t\t\t--wpforms-field-border-radius: 3px;\n--wpforms-field-border-style: solid;\n--wpforms-field-border-size: 1px;\n--wpforms-field-background-color: #ffffff;\n--wpforms-field-border-color: rgba( 0, 0, 0, 0.25 );\n--wpforms-field-border-color-spare: rgba( 0, 0, 0, 0.25 );\n--wpforms-field-text-color: rgba( 0, 0, 0, 0.7 );\n--wpforms-field-menu-color: #ffffff;\n--wpforms-label-color: rgba( 0, 0, 0, 0.85 );\n--wpforms-label-sublabel-color: rgba( 0, 0, 0, 0.55 );\n--wpforms-label-error-color: #d63637;\n--wpforms-button-border-radius: 3px;\n--wpforms-button-border-style: none;\n--wpforms-button-border-size: 1px;\n--wpforms-button-background-color: #066aab;\n--wpforms-button-border-color: #066aab;\n--wpforms-button-text-color: #ffffff;\n--wpforms-page-break-color: #066aab;\n--wpforms-background-image: none;\n--wpforms-background-position: center center;\n--wpforms-background-repeat: no-repeat;\n--wpforms-background-size: cover;\n--wpforms-background-width: 100px;\n--wpforms-background-height: 100px;\n--wpforms-background-color: rgba( 0, 0, 0, 0 );\n--wpforms-background-url: none;\n--wpforms-container-padding: 0px;\n--wpforms-container-border-style: none;\n--wpforms-container-border-width: 1px;\n--wpforms-container-border-color: #000000;\n--wpforms-container-border-radius: 3px;\n--wpforms-field-size-input-height: 43px;\n--wpforms-field-size-input-spacing: 15px;\n--wpforms-field-size-font-size: 16px;\n--wpforms-field-size-line-height: 19px;\n--wpforms-field-size-padding-h: 14px;\n--wpforms-field-size-checkbox-size: 16px;\n--wpforms-field-size-sublabel-spacing: 5px;\n--wpforms-field-size-icon-size: 1;\n--wpforms-label-size-font-size: 16px;\n--wpforms-label-size-line-height: 19px;\n--wpforms-label-size-sublabel-font-size: 14px;\n--wpforms-label-size-sublabel-line-height: 17px;\n--wpforms-button-size-font-size: 17px;\n--wpforms-button-size-height: 41px;\n--wpforms-button-size-padding-h: 15px;\n--wpforms-button-size-margin-top: 10px;\n--wpforms-container-shadow-size-box-shadow: none;\n\n\t\t\t\t}\n\t\t\t<\/style><div class=\"wpforms-container wpforms-container-full wpforms-block wpforms-block-1d4f63a9-7f93-4229-a74e-f0fe1b7fa3a0 wpforms-render-modern\" id=\"wpforms-474\"><form id=\"wpforms-form-474\" class=\"wpforms-validate wpforms-form wpforms-ajax-form\" data-formid=\"474\" method=\"post\" enctype=\"multipart\/form-data\" action=\"\/index.php?rest_route=%2Fwp%2Fv2%2Fpages%2F203\" data-token=\"e1d627d7396eacfa055a1c3c7d2e51ef\" data-token-time=\"1777513311\"><noscript class=\"wpforms-error-noscript\">Chcete-li vyplnit tento formul\u00e1\u0159, pros\u00edm povolte v prohl\u00ed\u017ee\u010di JavaScript.<\/noscript><div class=\"wpforms-hidden\" id=\"wpforms-error-noscript\">Chcete-li vyplnit tento formul\u00e1\u0159, pros\u00edm povolte v prohl\u00ed\u017ee\u010di JavaScript.<\/div><div class=\"wpforms-field-container\"><div id=\"wpforms-474-field_1-container\" class=\"wpforms-field wpforms-field-text\" data-field-id=\"1\"><label class=\"wpforms-field-label\" for=\"wpforms-474-field_1\">Jm\u00e9no a p\u0159\u00edjmen\u00ed, titul<\/label><input type=\"text\" id=\"wpforms-474-field_1\" class=\"wpforms-field-medium\" name=\"wpforms[fields][1]\" aria-errormessage=\"wpforms-474-field_1-error\" ><\/div><div id=\"wpforms-474-field_2-container\" class=\"wpforms-field wpforms-field-text\" data-field-id=\"2\"><label class=\"wpforms-field-label\" for=\"wpforms-474-field_2\">Adresa zap\u016fj\u010den\u00ed\/p\u0159edveden\u00ed:<\/label><input type=\"text\" id=\"wpforms-474-field_2\" class=\"wpforms-field-medium\" name=\"wpforms[fields][2]\" aria-errormessage=\"wpforms-474-field_2-error\" ><\/div><div id=\"wpforms-474-field_3-container\" class=\"wpforms-field wpforms-field-text\" data-field-id=\"3\"><label class=\"wpforms-field-label\" for=\"wpforms-474-field_3\">Telefon:<\/label><input type=\"text\" id=\"wpforms-474-field_3\" class=\"wpforms-field-medium\" name=\"wpforms[fields][3]\" aria-errormessage=\"wpforms-474-field_3-error\" ><\/div><div id=\"wpforms-474-field_4-container\" class=\"wpforms-field wpforms-field-email\" data-field-id=\"4\"><label class=\"wpforms-field-label\" for=\"wpforms-474-field_4\">E-mail <span class=\"wpforms-required-label\" aria-hidden=\"true\">*<\/span><\/label><input type=\"email\" id=\"wpforms-474-field_4\" class=\"wpforms-field-medium wpforms-field-required\" name=\"wpforms[fields][4]\" spellcheck=\"false\" aria-errormessage=\"wpforms-474-field_4-error\" required><\/div><div id=\"wpforms-474-field_5-container\" class=\"wpforms-field wpforms-field-textarea\" data-field-id=\"5\"><label class=\"wpforms-field-label\" for=\"wpforms-474-field_5\">Va\u0161e sd\u011blen\u00ed:<\/label><textarea id=\"wpforms-474-field_5\" class=\"wpforms-field-medium\" name=\"wpforms[fields][5]\" aria-errormessage=\"wpforms-474-field_5-error\" ><\/textarea><\/div><\/div><!-- .wpforms-field-container --><div class=\"wpforms-submit-container\" ><input type=\"hidden\" name=\"wpforms[id]\" value=\"474\"><input type=\"hidden\" name=\"page_title\" value=\"\"><input type=\"hidden\" name=\"page_url\" value=\"https:\/\/www.scanlabpraha.cz\/index.php?rest_route=%2Fwp%2Fv2%2Fpages%2F203\"><button type=\"submit\" name=\"wpforms[submit]\" id=\"wpforms-submit-474\" class=\"wpforms-submit\" data-alt-text=\"Odes\u00edl\u00e1ni...\" data-submit-text=\"Odeslat\" aria-live=\"assertive\" value=\"wpforms-submit\">Odeslat<\/button><img loading=\"lazy\" decoding=\"async\" src=\"https:\/\/www.scanlabpraha.cz\/wp-content\/plugins\/wpforms-lite\/assets\/images\/submit-spin.svg\" class=\"wpforms-submit-spinner\" style=\"display: none;\" width=\"26\" height=\"26\" alt=\"Na\u010d\u00edt\u00e1n\u00ed\"><\/div><\/form><\/div>  <!-- .wpforms-container -->","protected":false},"excerpt":{"rendered":"<p>Podoscan Podo4Foot\u00ae 2D je patentovan\u00fd digit\u00e1ln\u00ed skener pro posouzen\u00ed plant\u00e1rn\u00ed strany chodidel. Podoskop je za\u0159\u00edzen\u00ed pou\u017e\u00edvan\u00e9 k vy\u0161et\u0159en\u00ed a diagnostice stavu chodidel a postaven\u00ed nohou. Slou\u017e\u00ed k pozorov\u00e1n\u00ed rozlo\u017een\u00ed tlaku na chodidlech a p\u0159\u00edpadn\u00fdch deformit nohou, jako jsou ploch\u00e9 nohy nebo vysok\u00e1 klenba. Podoskop je vybaven osv\u011btlovac\u00edm syst\u00e9mem a pr\u016fhlednou deskou, na kterou si \u010dlov\u011bk [&hellip;]<\/p>\n","protected":false},"author":1,"featured_media":206,"parent":0,"menu_order":0,"comment_status":"closed","ping_status":"closed","template":"","meta":{"iawp_total_views":369,"footnotes":""},"class_list":["post-203","page","type-page","status-publish","has-post-thumbnail","hentry"],"jetpack_sharing_enabled":true,"_links":{"self":[{"href":"https:\/\/www.scanlabpraha.cz\/index.php?rest_route=\/wp\/v2\/pages\/203","targetHints":{"allow":["GET"]}}],"collection":[{"href":"https:\/\/www.scanlabpraha.cz\/index.php?rest_route=\/wp\/v2\/pages"}],"about":[{"href":"https:\/\/www.scanlabpraha.cz\/index.php?rest_route=\/wp\/v2\/types\/page"}],"author":[{"embeddable":true,"href":"https:\/\/www.scanlabpraha.cz\/index.php?rest_route=\/wp\/v2\/users\/1"}],"replies":[{"embeddable":true,"href":"https:\/\/www.scanlabpraha.cz\/index.php?rest_route=%2Fwp%2Fv2%2Fcomments&post=203"}],"version-history":[{"count":19,"href":"https:\/\/www.scanlabpraha.cz\/index.php?rest_route=\/wp\/v2\/pages\/203\/revisions"}],"predecessor-version":[{"id":582,"href":"https:\/\/www.scanlabpraha.cz\/index.php?rest_route=\/wp\/v2\/pages\/203\/revisions\/582"}],"wp:featuredmedia":[{"embeddable":true,"href":"https:\/\/www.scanlabpraha.cz\/index.php?rest_route=\/wp\/v2\/media\/206"}],"wp:attachment":[{"href":"https:\/\/www.scanlabpraha.cz\/index.php?rest_route=%2Fwp%2Fv2%2Fmedia&parent=203"}],"curies":[{"name":"wp","href":"https:\/\/api.w.org\/{rel}","templated":true}]}}