{"id":504,"date":"2025-01-15T14:50:40","date_gmt":"2025-01-15T14:50:40","guid":{"rendered":"https:\/\/www.scanlabpraha.cz\/?page_id=504"},"modified":"2025-02-07T13:24:17","modified_gmt":"2025-02-07T13:24:17","slug":"tcd-transkranialni-doppler","status":"publish","type":"page","link":"https:\/\/www.scanlabpraha.cz\/?page_id=504","title":{"rendered":"TCD &#8211; Transkrani\u00e1ln\u00ed doppler"},"content":{"rendered":"\n<p class=\"has-medium-font-size\"><strong>TCD od firmy Viasonix<\/strong><\/p>\n\n\n\n<p>V\u0161echny v\u00fdhody a v\u00fdkon nejmodern\u011bj\u0161\u00ed technologie Dolphin TCD pro m\u011b\u0159en\u00ed rychlosti pr\u016ftoku krve v mozku jsou implementov\u00e1ny v chytr\u00e9m a kompaktn\u00edm modulu Dolphin\/IQ Transcranial Doppler. Firma Viasonix se b\u011bhem n\u011bkolika let stala sv\u011btov\u00fdm leaderem v oblasti TCD.<\/p>\n\n\n\n<div style=\"height:25px\" aria-hidden=\"true\" class=\"wp-block-spacer\"><\/div>\n\n\n\n<p><strong>Nejkvalitn\u011bj\u0161\u00ed Doppler<\/strong><br>Pln\u011b digit\u00e1ln\u00ed Doppler technologie s \u00fa\u017easn\u00fdmi mo\u017enostmi postprocessingu Dolphin TCD umo\u017e\u0148uje p\u0159ezkoum\u00e1n\u00ed a p\u0159ehr\u00e1n\u00ed nam\u011b\u0159en\u00e9ho spektra se zvukem v JAK\u00c9KOLI hloubce.<\/p>\n\n\n\n<p>Nep\u0159ekonateln\u00e9 mo\u017enosti klinick\u00e9 diagnostiky.<\/p>\n\n\n\n<div class=\"wp-block-columns is-layout-flex wp-container-core-columns-is-layout-9d6595d7 wp-block-columns-is-layout-flex\">\n<div class=\"wp-block-column is-layout-flow wp-block-column-is-layout-flow\">\n<p class=\"has-text-align-left\"><strong>Rutinn\u00ed vy\u0161et\u0159en\u00ed mozkov\u00e9 cirkulace<\/strong><\/p>\n\n\n\n<ul class=\"wp-block-list\">\n<li>Vazomotorick\u00e1 reaktivita a autoregulace<\/li>\n\n\n\n<li>Test zadr\u017een\u00ed dechu<\/li>\n\n\n\n<li>Otev\u0159en\u00e9 foramen ovale (PFO)<\/li>\n\n\n\n<li>Kolater\u00e1ln\u00ed kapacita<\/li>\n\n\n\n<li>Srpkovit\u00e1 an\u00e9mie<\/li>\n<\/ul>\n\n\n\n<p><\/p>\n<\/div>\n\n\n\n<div class=\"wp-block-column is-layout-flow wp-block-column-is-layout-flow\">\n<p class=\"has-text-align-left\"><strong>Specializovan\u00e9 vy\u0161et\u0159en\u00ed<\/strong><\/p>\n\n\n\n<ul class=\"wp-block-list\">\n<li>\u0158\u00edzen\u00ed l\u00e9\u010dby c\u00e9vn\u00ed mozkov\u00e9 p\u0159\u00edhody<\/li>\n\n\n\n<li>Vazospasmus a subarachnoid\u00e1ln\u00ed krv\u00e1cen\u00ed (SAH)<\/li>\n\n\n\n<li>Arterioven\u00f3zn\u00ed malformace<\/li>\n\n\n\n<li>Hodnocen\u00ed zm\u011bn intrakrani\u00e1ln\u00edho tlaku (ICP)<\/li>\n\n\n\n<li>Intrakrani\u00e1ln\u00ed sten\u00f3za<\/li>\n\n\n\n<li>Diagnostika mozkov\u00e9 smrti<\/li>\n<\/ul>\n<\/div>\n\n\n\n<div class=\"wp-block-column is-layout-flow wp-block-column-is-layout-flow\">\n<p class=\"has-text-align-left\"><strong>Kontinu\u00e1ln\u00ed monitorov\u00e1n\u00ed<\/strong><\/p>\n\n\n\n<ul class=\"wp-block-list\">\n<li>Cerebr\u00e1ln\u00ed monitoring<\/li>\n\n\n\n<li>Detekce emboli\u00ed<\/li>\n\n\n\n<li>Endarterektomie<\/li>\n\n\n\n<li>Hodnocen\u00ed zm\u011bn ICP<\/li>\n\n\n\n<li>Intraopera\u010dn\u00ed Doppler<\/li>\n\n\n\n<li>Intraopera\u010dn\u00ed TCD monitorov\u00e1n\u00ed<\/li>\n<\/ul>\n<\/div>\n<\/div>\n\n\n\n<div style=\"height:23px\" aria-hidden=\"true\" class=\"wp-block-spacer\"><\/div>\n\n\n\n<div class=\"wp-block-columns is-layout-flex wp-container-core-columns-is-layout-9d6595d7 wp-block-columns-is-layout-flex\">\n<div class=\"wp-block-column is-layout-flow wp-block-column-is-layout-flow\">\n<p><strong>Nejlep\u0161\u00ed robotick\u00e1 TCD sonda<\/strong><br>Unik\u00e1tn\u00ed robotick\u00e1 sonda Dolphin\/XF m\u011bn\u00ed trh s Transkrani\u00e1ln\u00edm Dopplerovsk\u00fdm monitorov\u00e1n\u00edm tak, jak ho dosud zn\u00e1me.<\/p>\n\n\n\n<p>Rychl\u00e9 a jednoduch\u00e9 skenov\u00e1n\u00ed je dosa\u017eeno d\u00edky speci\u00e1ln\u00edm algoritm\u016fm a proces\u016fm pro detekci pr\u016ftoku krve.<\/p>\n\n\n\n<p>Robot Dolphin\/XF je pohodln\u00fd a stabiln\u00ed, co\u017e usnad\u0148uje fixaci sondy a \u0161et\u0159\u00ed \u010das.<\/p>\n<\/div>\n\n\n\n<div class=\"wp-block-column is-layout-flow wp-block-column-is-layout-flow\"><div class=\"wp-block-image\">\n<figure class=\"alignright size-full\"><img loading=\"lazy\" decoding=\"async\" width=\"612\" height=\"343\" src=\"https:\/\/www.scanlabpraha.cz\/wp-content\/uploads\/2025\/02\/dolphin-xf-tcd-robotic-probe-press-release.png\" alt=\"\" class=\"wp-image-539\" srcset=\"https:\/\/www.scanlabpraha.cz\/wp-content\/uploads\/2025\/02\/dolphin-xf-tcd-robotic-probe-press-release.png 612w, https:\/\/www.scanlabpraha.cz\/wp-content\/uploads\/2025\/02\/dolphin-xf-tcd-robotic-probe-press-release-300x168.png 300w\" sizes=\"auto, (max-width: 612px) 100vw, 612px\" \/><\/figure>\n<\/div><\/div>\n<\/div>\n\n\n\n<div style=\"height:30px\" aria-hidden=\"true\" class=\"wp-block-spacer\"><\/div>\n\n\n\n<div class=\"wp-block-columns is-layout-flex wp-container-core-columns-is-layout-9d6595d7 wp-block-columns-is-layout-flex\">\n<div class=\"wp-block-column is-layout-flow wp-block-column-is-layout-flow\"><div class=\"wp-block-image\">\n<figure class=\"alignleft size-full is-resized\"><img loading=\"lazy\" decoding=\"async\" width=\"700\" height=\"467\" src=\"https:\/\/www.scanlabpraha.cz\/wp-content\/uploads\/2025\/02\/dolphin-headset-with-quick-lock.png\" alt=\"\" class=\"wp-image-541\" style=\"width:352px;height:auto\" srcset=\"https:\/\/www.scanlabpraha.cz\/wp-content\/uploads\/2025\/02\/dolphin-headset-with-quick-lock.png 700w, https:\/\/www.scanlabpraha.cz\/wp-content\/uploads\/2025\/02\/dolphin-headset-with-quick-lock-300x200.png 300w\" sizes=\"auto, (max-width: 700px) 100vw, 700px\" \/><\/figure>\n<\/div><\/div>\n\n\n\n<div class=\"wp-block-column is-layout-flow wp-block-column-is-layout-flow\">\n<p><strong>Snadn\u00e9 kontinu\u00e1ln\u00ed monitorov\u00e1n\u00ed<\/strong><br>Za\u0159\u00edzen\u00ed Dolphin jsou navr\u017eena tak, aby usnadnila technik\u016fm i l\u00e9ka\u0159\u016fm kr\u00e1tkodob\u00e9 i dlouhodob\u00e9 monitorov\u00e1n\u00ed.<\/p>\n\n\n\n<p>Design n\u00e1hlavn\u00ed soupravy Dolphin obsahuje jedine\u010dn\u00fd syst\u00e9m Quick-Lock \u2013 nejlep\u0161\u00ed \u0159e\u0161en\u00ed pro upevn\u011bn\u00ed sondy.<\/p>\n\n\n\n<p>Software Dolphin nab\u00edz\u00ed bohat\u00e9 funkce pro optim\u00e1ln\u00ed diagnostiku pacienta, v\u010detn\u011b kompletn\u00edho p\u0159ehr\u00e1n\u00ed cel\u00e9ho z\u00e1znamu, umis\u0165ov\u00e1n\u00ed automatick\u00fdch a p\u0159eddefinovan\u00fdch zna\u010dek a zobrazen\u00ed trend\u016f.<\/p>\n<\/div>\n<\/div>\n\n\n\n<div class=\"wp-block-columns is-layout-flex wp-container-core-columns-is-layout-9d6595d7 wp-block-columns-is-layout-flex\">\n<div class=\"wp-block-column is-layout-flow wp-block-column-is-layout-flow\">\n<p><strong>Nep\u0159ekonateln\u00e1 odolnost a spolehlivost<\/strong><br>Dolphin je mnoh\u00fdmi pova\u017eov\u00e1n za nejspolehliv\u011bj\u0161\u00ed transkrani\u00e1ln\u00ed Doppler na trhu.<\/p>\n\n\n\n<p>K dispozici je \u0161irok\u00e1 \u0161k\u00e1la vysoce kvalitn\u00edch Dopplerovsk\u00fdch sond pro r\u016fzn\u00e9 klinick\u00e9 aplikace a optim\u00e1ln\u00ed pr\u016fnik Doppleru tempor\u00e1ln\u00edm oknem.<\/p>\n<\/div>\n\n\n\n<div class=\"wp-block-column is-layout-flow wp-block-column-is-layout-flow\"><div class=\"wp-block-image\">\n<figure class=\"alignright size-large is-resized\"><img loading=\"lazy\" decoding=\"async\" width=\"1024\" height=\"734\" src=\"https:\/\/www.scanlabpraha.cz\/wp-content\/uploads\/2025\/02\/Dolphin-IQ-and-PC-Transparent-1024x734.png\" alt=\"\" class=\"wp-image-542\" style=\"width:354px;height:auto\" srcset=\"https:\/\/www.scanlabpraha.cz\/wp-content\/uploads\/2025\/02\/Dolphin-IQ-and-PC-Transparent-1024x734.png 1024w, https:\/\/www.scanlabpraha.cz\/wp-content\/uploads\/2025\/02\/Dolphin-IQ-and-PC-Transparent-300x215.png 300w, https:\/\/www.scanlabpraha.cz\/wp-content\/uploads\/2025\/02\/Dolphin-IQ-and-PC-Transparent-768x550.png 768w, https:\/\/www.scanlabpraha.cz\/wp-content\/uploads\/2025\/02\/Dolphin-IQ-and-PC-Transparent-1536x1101.png 1536w, https:\/\/www.scanlabpraha.cz\/wp-content\/uploads\/2025\/02\/Dolphin-IQ-and-PC-Transparent-2048x1468.png 2048w\" sizes=\"auto, (max-width: 1024px) 100vw, 1024px\" \/><\/figure>\n<\/div><\/div>\n<\/div>\n\n\n\n<div class=\"wp-block-columns is-layout-flex wp-container-core-columns-is-layout-9d6595d7 wp-block-columns-is-layout-flex\">\n<div class=\"wp-block-column is-layout-flow wp-block-column-is-layout-flow\">\n<figure class=\"wp-block-image size-large is-resized\"><img loading=\"lazy\" decoding=\"async\" width=\"724\" height=\"1024\" src=\"https:\/\/www.scanlabpraha.cz\/wp-content\/uploads\/2025\/02\/Report-Monitoring-Extended-HITS-724x1024.jpg\" alt=\"\" class=\"wp-image-543\" style=\"width:361px;height:auto\" srcset=\"https:\/\/www.scanlabpraha.cz\/wp-content\/uploads\/2025\/02\/Report-Monitoring-Extended-HITS-724x1024.jpg 724w, https:\/\/www.scanlabpraha.cz\/wp-content\/uploads\/2025\/02\/Report-Monitoring-Extended-HITS-212x300.jpg 212w, https:\/\/www.scanlabpraha.cz\/wp-content\/uploads\/2025\/02\/Report-Monitoring-Extended-HITS-768x1086.jpg 768w, https:\/\/www.scanlabpraha.cz\/wp-content\/uploads\/2025\/02\/Report-Monitoring-Extended-HITS-1086x1536.jpg 1086w, https:\/\/www.scanlabpraha.cz\/wp-content\/uploads\/2025\/02\/Report-Monitoring-Extended-HITS-1448x2048.jpg 1448w, https:\/\/www.scanlabpraha.cz\/wp-content\/uploads\/2025\/02\/Report-Monitoring-Extended-HITS-scaled.jpg 1810w\" sizes=\"auto, (max-width: 724px) 100vw, 724px\" \/><\/figure>\n<\/div>\n\n\n\n<div class=\"wp-block-column is-layout-flow wp-block-column-is-layout-flow\">\n<p><strong>Navr\u017eeno pro p\u0159enosnost<\/strong><br>Za\u0159\u00edzen\u00ed Dolphin TCD jsou nejp\u0159enosn\u011bj\u0161\u00ed transkrani\u00e1ln\u00ed Dopplery na trhu.<\/p>\n\n\n\n<p>Modely Dolphin\/MAX a Dolphin\/4D jsou tenk\u00e9, lehk\u00e9 a vybaven\u00e9 velk\u00fdm 18\u2033 dotykov\u00fdm displejem, kter\u00fd je dob\u0159e viditeln\u00fd i na jednotk\u00e1ch intenzivn\u00ed p\u00e9\u010de a v dal\u0161\u00edch klinick\u00fdch prost\u0159ed\u00edch.<\/p>\n\n\n\n<p>D\u00edky promy\u0161len\u00e9mu designu je lze snadno p\u0159en\u00e1\u0161et v ruce nebo p\u0159ipevnit pomoc\u00ed VESA dr\u017e\u00e1k\u016f na voz\u00edk \u010di poj\u00edzdn\u00fd stolek.<\/p>\n\n\n\n<p>Dolphin\/MAX m\u00e1 integrovanou baterii s dlouhou v\u00fddr\u017e\u00ed pro n\u011bkolikahodinov\u00fd provoz.<\/p>\n<\/div>\n<\/div>\n\n\n\n<div class=\"wp-block-columns is-layout-flex wp-container-core-columns-is-layout-9d6595d7 wp-block-columns-is-layout-flex\">\n<div class=\"wp-block-column is-layout-flow wp-block-column-is-layout-flow\">\n<p><strong>Kompletn\u00ed s\u00ed\u0165ov\u00e1 konektivita<\/strong><br>Nep\u0159ekonateln\u00e9 mo\u017enosti konektivity Dolphin jsou ide\u00e1ln\u00ed pro IT person\u00e1l nemocnic a administr\u00e1tory EMR\/PACS.<\/p>\n\n\n\n<p>Pokro\u010dil\u00e9 s\u00ed\u0165ov\u00e9 funkce Dolphin TCD umo\u017e\u0148uj\u00ed jednoduch\u00e9 plug-and-play nastaven\u00ed pro rychlou konfiguraci konektivity s automatizovan\u00fdm DICOM Worklist &amp; Storage, strukturovan\u00fdmi reporty a HL7.<\/p>\n\n\n\n<p>D\u00edky neomezen\u00e9mu po\u010dtu p\u0159\u00edstupov\u00fdch stanic lze m\u011b\u0159en\u00ed znovu analyzovat a interpretovat p\u0159\u00edmo z pohodl\u00ed va\u0161\u00ed kancel\u00e1\u0159e. Kone\u010dnou zpr\u00e1vu lze nav\u00edc nakonfigurovat a dokon\u010dit odkudkoli.<\/p>\n<\/div>\n\n\n\n<div class=\"wp-block-column is-layout-flow wp-block-column-is-layout-flow\"><div class=\"wp-block-image\">\n<figure class=\"alignright size-full is-resized\"><img loading=\"lazy\" decoding=\"async\" width=\"600\" height=\"300\" src=\"https:\/\/www.scanlabpraha.cz\/wp-content\/uploads\/2025\/02\/dolphin-tcd-network-connectivity.png\" alt=\"\" class=\"wp-image-544\" style=\"width:384px;height:auto\" srcset=\"https:\/\/www.scanlabpraha.cz\/wp-content\/uploads\/2025\/02\/dolphin-tcd-network-connectivity.png 600w, https:\/\/www.scanlabpraha.cz\/wp-content\/uploads\/2025\/02\/dolphin-tcd-network-connectivity-300x150.png 300w\" sizes=\"auto, (max-width: 600px) 100vw, 600px\" \/><\/figure>\n<\/div><\/div>\n<\/div>\n\n\n\n<div class=\"wp-block-columns is-layout-flex wp-container-core-columns-is-layout-9d6595d7 wp-block-columns-is-layout-flex\">\n<div class=\"wp-block-column is-layout-flow wp-block-column-is-layout-flow\">\n<figure class=\"wp-block-image size-full\"><img loading=\"lazy\" decoding=\"async\" width=\"646\" height=\"141\" src=\"https:\/\/www.scanlabpraha.cz\/wp-content\/uploads\/2025\/02\/hits-depth.png\" alt=\"\" class=\"wp-image-545\" srcset=\"https:\/\/www.scanlabpraha.cz\/wp-content\/uploads\/2025\/02\/hits-depth.png 646w, https:\/\/www.scanlabpraha.cz\/wp-content\/uploads\/2025\/02\/hits-depth-300x65.png 300w\" sizes=\"auto, (max-width: 646px) 100vw, 646px\" \/><\/figure>\n<\/div>\n\n\n\n<div class=\"wp-block-column is-layout-flow wp-block-column-is-layout-flow\">\n<p><strong>Nep\u0159ekonan\u00e1 detekce Hit\u016f<\/strong><br>Optim\u00e1ln\u00ed a p\u0159esn\u00e9 po\u010d\u00edt\u00e1n\u00ed podez\u0159el\u00fdch embolick\u00fdch ud\u00e1lost\u00ed d\u00edky propriet\u00e1rn\u00edmu vysokorychlostn\u00edmu algoritmu, kter\u00fd sou\u010dasn\u011b detekuje HITS (embolick\u00e9 jevy) ve v\u0161ech bran\u00e1ch!<\/p>\n\n\n\n<p>Pokro\u010dil\u00e9 mo\u017enosti anal\u00fdzy ka\u017ed\u00e9 podez\u0159el\u00e9 embolie zahrnuj\u00ed mimo\u0159\u00e1dn\u011b detailn\u00ed zobrazen\u00ed v re\u017eimu M Mode s vysok\u00fdm rozli\u0161en\u00edm b\u011bhem detekce HITS \u2013 a\u017e 50kr\u00e1t rychlej\u0161\u00ed ne\u017e Dopplerovsk\u00e9 spektrum! <\/p>\n<\/div>\n<\/div>\n\n\n\n<figure class=\"wp-block-table is-style-stripes\"><table class=\"has-light-green-cyan-background-color has-background has-fixed-layout\"><tbody><tr><td><\/td><td class=\"has-text-align-center\" data-align=\"center\"><img loading=\"lazy\" decoding=\"async\" width=\"150\" height=\"114\" class=\"wp-image-557\" style=\"width: 150px;\" src=\"http:\/\/www.scanlabpraha.cz\/wp-content\/uploads\/2025\/02\/dolphin-4d-tcd-machine.png\" alt=\"\" srcset=\"https:\/\/www.scanlabpraha.cz\/wp-content\/uploads\/2025\/02\/dolphin-4d-tcd-machine.png 500w, https:\/\/www.scanlabpraha.cz\/wp-content\/uploads\/2025\/02\/dolphin-4d-tcd-machine-300x227.png 300w\" sizes=\"auto, (max-width: 150px) 100vw, 150px\" \/><\/td><td class=\"has-text-align-center\" data-align=\"center\"><img loading=\"lazy\" decoding=\"async\" width=\"150\" height=\"101\" class=\"wp-image-558\" style=\"width: 150px;\" src=\"http:\/\/www.scanlabpraha.cz\/wp-content\/uploads\/2025\/02\/dolphin-max-tcd-machine.png\" alt=\"\" srcset=\"https:\/\/www.scanlabpraha.cz\/wp-content\/uploads\/2025\/02\/dolphin-max-tcd-machine.png 500w, https:\/\/www.scanlabpraha.cz\/wp-content\/uploads\/2025\/02\/dolphin-max-tcd-machine-300x203.png 300w\" sizes=\"auto, (max-width: 150px) 100vw, 150px\" \/><\/td><td class=\"has-text-align-center\" data-align=\"center\"><img loading=\"lazy\" decoding=\"async\" width=\"150\" height=\"76\" class=\"wp-image-559\" style=\"width: 150px;\" src=\"http:\/\/www.scanlabpraha.cz\/wp-content\/uploads\/2025\/02\/Dolphin-IQ-Transparent.png\" alt=\"\" srcset=\"https:\/\/www.scanlabpraha.cz\/wp-content\/uploads\/2025\/02\/Dolphin-IQ-Transparent.png 3496w, https:\/\/www.scanlabpraha.cz\/wp-content\/uploads\/2025\/02\/Dolphin-IQ-Transparent-300x152.png 300w, https:\/\/www.scanlabpraha.cz\/wp-content\/uploads\/2025\/02\/Dolphin-IQ-Transparent-1024x518.png 1024w, https:\/\/www.scanlabpraha.cz\/wp-content\/uploads\/2025\/02\/Dolphin-IQ-Transparent-768x388.png 768w, https:\/\/www.scanlabpraha.cz\/wp-content\/uploads\/2025\/02\/Dolphin-IQ-Transparent-1536x776.png 1536w, https:\/\/www.scanlabpraha.cz\/wp-content\/uploads\/2025\/02\/Dolphin-IQ-Transparent-2048x1035.png 2048w\" sizes=\"auto, (max-width: 150px) 100vw, 150px\" \/><\/td><\/tr><tr><td><\/td><td class=\"has-text-align-center\" data-align=\"center\"><strong>Dolphin\/4D<\/strong><\/td><td class=\"has-text-align-center\" data-align=\"center\"><strong>Dolphin\/MAX<\/strong><\/td><td class=\"has-text-align-center\" data-align=\"center\"><strong>Dolphin\/IQ<\/strong><\/td><\/tr><tr><td>Rozm\u011bry:<\/td><td class=\"has-text-align-center\" data-align=\"center\">47 x 30 x 7 cm<\/td><td class=\"has-text-align-center\" data-align=\"center\">47 x 30 x 7 cm<\/td><td class=\"has-text-align-center\" data-align=\"center\">27 x 21 x 5,5 cm<\/td><\/tr><tr><td>Hmotnost:<\/td><td class=\"has-text-align-center\" data-align=\"center\">6 kg<\/td><td class=\"has-text-align-center\" data-align=\"center\">6 kg<\/td><td class=\"has-text-align-center\" data-align=\"center\">2 kg<\/td><\/tr><tr><td>PC:<\/td><td class=\"has-text-align-center\" data-align=\"center\">integrovan\u00fd<\/td><td class=\"has-text-align-center\" data-align=\"center\">integrovan\u00fd<\/td><td class=\"has-text-align-center\" data-align=\"center\">extern\u00ed (obslu\u017en\u00fd software je mo\u017en\u00e9 nainstalovat do libovoln\u00e9ho PC)<\/td><\/tr><tr><td>Baterie:<\/td><td class=\"has-text-align-center\" data-align=\"center\">nen\u00ed<\/td><td class=\"has-text-align-center\" data-align=\"center\">intern\u00ed<\/td><td class=\"has-text-align-center\" data-align=\"center\">nen\u00ed<\/td><\/tr><\/tbody><\/table><\/figure>\n\n\n\n<div class=\"wp-block-columns is-layout-flex wp-container-core-columns-is-layout-9d6595d7 wp-block-columns-is-layout-flex\">\n<div class=\"wp-block-column is-layout-flow wp-block-column-is-layout-flow\"><div class=\"wp-block-image\">\n<figure class=\"alignleft size-full is-resized\"><img loading=\"lazy\" decoding=\"async\" width=\"500\" height=\"430\" src=\"https:\/\/www.scanlabpraha.cz\/wp-content\/uploads\/2025\/02\/dolphin-is-an-alternative-to-sonara-tcd.png\" alt=\"\" class=\"wp-image-547\" style=\"width:286px;height:auto\" srcset=\"https:\/\/www.scanlabpraha.cz\/wp-content\/uploads\/2025\/02\/dolphin-is-an-alternative-to-sonara-tcd.png 500w, https:\/\/www.scanlabpraha.cz\/wp-content\/uploads\/2025\/02\/dolphin-is-an-alternative-to-sonara-tcd-300x258.png 300w\" sizes=\"auto, (max-width: 500px) 100vw, 500px\" \/><\/figure>\n<\/div><\/div>\n\n\n\n<div class=\"wp-block-column is-layout-flow wp-block-column-is-layout-flow\">\n<p><strong>Ide\u00e1ln\u00ed upgrade na Sonara<\/strong><br>Syst\u00e9my Dolphin jsou ide\u00e1ln\u00edm vylep\u0161en\u00edm pro nyn\u00ed zastaral\u00e9 syst\u00e9my Sonara TCD, kter\u00e9 byly po mnoho let l\u00eddrem na trhu v oblasti vaskul\u00e1rn\u00ed diagnostiky.<\/p>\n\n\n\n<p>Mnoho zn\u00e1m\u00fdch funkc\u00ed a mo\u017enost\u00ed Sonara Transkrani\u00e1ln\u00edho Dopplera je k dispozici v pokro\u010dil\u00e9m a modern\u00edm u\u017eivatelsk\u00e9m rozhran\u00ed Dolphin TCD, spolu s mnoha dal\u0161\u00edmi funkcemi navr\u017een\u00fdmi pro podporu rutinn\u00edch i pokro\u010dil\u00fdch klinick\u00fdch vy\u0161et\u0159en\u00ed.<\/p>\n<\/div>\n<\/div>\n\n\n\n<p>Pokud m\u00e1te o p\u0159\u00edstroje z\u00e1jem, pros\u00edm vypl\u0148te n\u00e1sleduj\u00edc\u00ed tabulku:<\/p>\n\n\n<style id=\"wpforms-css-vars-root\">\n\t\t\t\t:root {\n\t\t\t\t\t--wpforms-field-border-radius: 3px;\n--wpforms-field-border-style: solid;\n--wpforms-field-border-size: 1px;\n--wpforms-field-background-color: #ffffff;\n--wpforms-field-border-color: rgba( 0, 0, 0, 0.25 );\n--wpforms-field-border-color-spare: rgba( 0, 0, 0, 0.25 );\n--wpforms-field-text-color: rgba( 0, 0, 0, 0.7 );\n--wpforms-field-menu-color: #ffffff;\n--wpforms-label-color: rgba( 0, 0, 0, 0.85 );\n--wpforms-label-sublabel-color: rgba( 0, 0, 0, 0.55 );\n--wpforms-label-error-color: #d63637;\n--wpforms-button-border-radius: 3px;\n--wpforms-button-border-style: none;\n--wpforms-button-border-size: 1px;\n--wpforms-button-background-color: #066aab;\n--wpforms-button-border-color: #066aab;\n--wpforms-button-text-color: #ffffff;\n--wpforms-page-break-color: #066aab;\n--wpforms-background-image: none;\n--wpforms-background-position: center center;\n--wpforms-background-repeat: no-repeat;\n--wpforms-background-size: cover;\n--wpforms-background-width: 100px;\n--wpforms-background-height: 100px;\n--wpforms-background-color: rgba( 0, 0, 0, 0 );\n--wpforms-background-url: none;\n--wpforms-container-padding: 0px;\n--wpforms-container-border-style: none;\n--wpforms-container-border-width: 1px;\n--wpforms-container-border-color: #000000;\n--wpforms-container-border-radius: 3px;\n--wpforms-field-size-input-height: 43px;\n--wpforms-field-size-input-spacing: 15px;\n--wpforms-field-size-font-size: 16px;\n--wpforms-field-size-line-height: 19px;\n--wpforms-field-size-padding-h: 14px;\n--wpforms-field-size-checkbox-size: 16px;\n--wpforms-field-size-sublabel-spacing: 5px;\n--wpforms-field-size-icon-size: 1;\n--wpforms-label-size-font-size: 16px;\n--wpforms-label-size-line-height: 19px;\n--wpforms-label-size-sublabel-font-size: 14px;\n--wpforms-label-size-sublabel-line-height: 17px;\n--wpforms-button-size-font-size: 17px;\n--wpforms-button-size-height: 41px;\n--wpforms-button-size-padding-h: 15px;\n--wpforms-button-size-margin-top: 10px;\n--wpforms-container-shadow-size-box-shadow: none;\n\n\t\t\t\t}\n\t\t\t<\/style><div class=\"wpforms-container wpforms-container-full wpforms-block wpforms-block-b624b9ca-968a-4c9d-b134-54f13afe2873 wpforms-render-modern\" id=\"wpforms-551\"><form id=\"wpforms-form-551\" class=\"wpforms-validate wpforms-form wpforms-ajax-form\" data-formid=\"551\" method=\"post\" enctype=\"multipart\/form-data\" action=\"\/index.php?rest_route=%2Fwp%2Fv2%2Fpages%2F504\" data-token=\"d1ea24856dd5aceb14bebb0af2d0dbd4\" data-token-time=\"1777513306\"><noscript class=\"wpforms-error-noscript\">Chcete-li vyplnit tento formul\u00e1\u0159, pros\u00edm povolte v prohl\u00ed\u017ee\u010di JavaScript.<\/noscript><div class=\"wpforms-hidden\" id=\"wpforms-error-noscript\">Chcete-li vyplnit tento formul\u00e1\u0159, pros\u00edm povolte v prohl\u00ed\u017ee\u010di JavaScript.<\/div><div class=\"wpforms-field-container\"><div id=\"wpforms-551-field_1-container\" class=\"wpforms-field wpforms-field-text\" data-field-id=\"1\"><label class=\"wpforms-field-label\" for=\"wpforms-551-field_1\">Jm\u00e9no a p\u0159\u00edjmen\u00ed, titul<\/label><input type=\"text\" id=\"wpforms-551-field_1\" class=\"wpforms-field-medium\" name=\"wpforms[fields][1]\" aria-errormessage=\"wpforms-551-field_1-error\" ><\/div><div id=\"wpforms-551-field_2-container\" class=\"wpforms-field wpforms-field-text\" data-field-id=\"2\"><label class=\"wpforms-field-label\" for=\"wpforms-551-field_2\">Adresa zap\u016fj\u010den\u00ed\/p\u0159edveden\u00ed:<\/label><input type=\"text\" id=\"wpforms-551-field_2\" class=\"wpforms-field-medium\" name=\"wpforms[fields][2]\" aria-errormessage=\"wpforms-551-field_2-error\" ><\/div><div id=\"wpforms-551-field_3-container\" class=\"wpforms-field wpforms-field-text\" data-field-id=\"3\"><label class=\"wpforms-field-label\" for=\"wpforms-551-field_3\">Telefon:<\/label><input type=\"text\" id=\"wpforms-551-field_3\" class=\"wpforms-field-medium\" name=\"wpforms[fields][3]\" aria-errormessage=\"wpforms-551-field_3-error\" ><\/div><div id=\"wpforms-551-field_4-container\" class=\"wpforms-field wpforms-field-email\" data-field-id=\"4\"><label class=\"wpforms-field-label\" for=\"wpforms-551-field_4\">E-mail <span class=\"wpforms-required-label\" aria-hidden=\"true\">*<\/span><\/label><input type=\"email\" id=\"wpforms-551-field_4\" class=\"wpforms-field-medium wpforms-field-required\" name=\"wpforms[fields][4]\" spellcheck=\"false\" aria-errormessage=\"wpforms-551-field_4-error\" required><\/div><div id=\"wpforms-551-field_5-container\" class=\"wpforms-field wpforms-field-textarea\" data-field-id=\"5\"><label class=\"wpforms-field-label\" for=\"wpforms-551-field_5\">Va\u0161e sd\u011blen\u00ed:<\/label><textarea id=\"wpforms-551-field_5\" class=\"wpforms-field-medium\" name=\"wpforms[fields][5]\" aria-errormessage=\"wpforms-551-field_5-error\" ><\/textarea><\/div><\/div><!-- .wpforms-field-container --><div class=\"wpforms-submit-container\" ><input type=\"hidden\" name=\"wpforms[id]\" value=\"551\"><input type=\"hidden\" name=\"page_title\" value=\"\"><input type=\"hidden\" name=\"page_url\" value=\"https:\/\/www.scanlabpraha.cz\/index.php?rest_route=%2Fwp%2Fv2%2Fpages%2F504\"><button type=\"submit\" name=\"wpforms[submit]\" id=\"wpforms-submit-551\" class=\"wpforms-submit\" data-alt-text=\"Odes\u00edl\u00e1ni...\" data-submit-text=\"Odeslat\" aria-live=\"assertive\" value=\"wpforms-submit\">Odeslat<\/button><img loading=\"lazy\" decoding=\"async\" src=\"https:\/\/www.scanlabpraha.cz\/wp-content\/plugins\/wpforms-lite\/assets\/images\/submit-spin.svg\" class=\"wpforms-submit-spinner\" style=\"display: none;\" width=\"26\" height=\"26\" alt=\"Na\u010d\u00edt\u00e1n\u00ed\"><\/div><\/form><\/div>  <!-- .wpforms-container -->","protected":false},"excerpt":{"rendered":"<p>TCD od firmy Viasonix V\u0161echny v\u00fdhody a v\u00fdkon nejmodern\u011bj\u0161\u00ed technologie Dolphin TCD pro m\u011b\u0159en\u00ed rychlosti pr\u016ftoku krve v mozku jsou implementov\u00e1ny v chytr\u00e9m a kompaktn\u00edm modulu Dolphin\/IQ Transcranial Doppler. Firma Viasonix se b\u011bhem n\u011bkolika let stala sv\u011btov\u00fdm leaderem v oblasti TCD. Nejkvalitn\u011bj\u0161\u00ed DopplerPln\u011b digit\u00e1ln\u00ed Doppler technologie s \u00fa\u017easn\u00fdmi mo\u017enostmi postprocessingu Dolphin TCD umo\u017e\u0148uje p\u0159ezkoum\u00e1n\u00ed a [&hellip;]<\/p>\n","protected":false},"author":1,"featured_media":535,"parent":0,"menu_order":0,"comment_status":"closed","ping_status":"closed","template":"","meta":{"iawp_total_views":75,"footnotes":""},"class_list":["post-504","page","type-page","status-publish","has-post-thumbnail","hentry"],"jetpack_sharing_enabled":true,"_links":{"self":[{"href":"https:\/\/www.scanlabpraha.cz\/index.php?rest_route=\/wp\/v2\/pages\/504","targetHints":{"allow":["GET"]}}],"collection":[{"href":"https:\/\/www.scanlabpraha.cz\/index.php?rest_route=\/wp\/v2\/pages"}],"about":[{"href":"https:\/\/www.scanlabpraha.cz\/index.php?rest_route=\/wp\/v2\/types\/page"}],"author":[{"embeddable":true,"href":"https:\/\/www.scanlabpraha.cz\/index.php?rest_route=\/wp\/v2\/users\/1"}],"replies":[{"embeddable":true,"href":"https:\/\/www.scanlabpraha.cz\/index.php?rest_route=%2Fwp%2Fv2%2Fcomments&post=504"}],"version-history":[{"count":16,"href":"https:\/\/www.scanlabpraha.cz\/index.php?rest_route=\/wp\/v2\/pages\/504\/revisions"}],"predecessor-version":[{"id":562,"href":"https:\/\/www.scanlabpraha.cz\/index.php?rest_route=\/wp\/v2\/pages\/504\/revisions\/562"}],"wp:featuredmedia":[{"embeddable":true,"href":"https:\/\/www.scanlabpraha.cz\/index.php?rest_route=\/wp\/v2\/media\/535"}],"wp:attachment":[{"href":"https:\/\/www.scanlabpraha.cz\/index.php?rest_route=%2Fwp%2Fv2%2Fmedia&parent=504"}],"curies":[{"name":"wp","href":"https:\/\/api.w.org\/{rel}","templated":true}]}}