{"id":76,"date":"2024-10-03T06:40:10","date_gmt":"2024-10-03T06:40:10","guid":{"rendered":"https:\/\/www.scanlabpraha.cz\/?page_id=76"},"modified":"2026-03-07T08:19:27","modified_gmt":"2026-03-07T08:19:27","slug":"precise-8008-a-8001","status":"publish","type":"page","link":"https:\/\/www.scanlabpraha.cz\/?page_id=76","title":{"rendered":"Pr\u00e9cise 8008 a 8001"},"content":{"rendered":"\n<p class=\"has-medium-font-size\"><strong>Monitory transkut\u00e1nn\u00edho kysl\u00edku Pr\u00e9cise 8008<\/strong><\/p>\n\n\n\n<p>Pr\u00e9cise 8008 je modern\u00ed tcpO2 monitor. Tento p\u0159\u00edstroj je mo\u017en\u00e9 osadit 1 a\u017e 8 m\u011b\u0159\u00edc\u00edmi senzory. Po\u010det senzor\u016f je mo\u017en\u00e9 zv\u00fd\u0161it i po n\u00e1kupu p\u0159\u00edstroje a nen\u00ed nutn\u00e9 kupovat moduly apod., senzor se jednodu\u0161e do p\u0159\u00edstroje p\u0159ipoj\u00ed a je mo\u017en\u00e9 jej ihned pou\u017e\u00edvat. V softwaru p\u0159\u00edstroje je mo\u017en\u00e9 jednodu\u0161e identifikovat nativn\u00ed m\u011b\u0159en\u00ed a d\u00e1le prov\u00e1d\u011bn\u00ed provoka\u010dn\u00edch man\u00e9vr\u016f, v\u010detn\u011b z\u00e1znamu nam\u011b\u0159en\u00fdch hodnot.<\/p>\n\n\n\n<blockquote class=\"wp-block-quote is-layout-flow wp-block-quote-is-layout-flow\">\n<p>V \u010cR a SR je ji\u017e 91 instalac\u00ed Pr\u00e9cise 8008 a Pr\u00e9cise 8001<\/p>\n<\/blockquote>\n\n\n\n<p><strong>Hlavn\u00ed p\u0159ednosti Pr\u00e9cise 8008:<\/strong><\/p>\n\n\n\n<div class=\"wp-block-columns is-layout-flex wp-container-core-columns-is-layout-9d6595d7 wp-block-columns-is-layout-flex\">\n<div class=\"wp-block-column is-layout-flow wp-block-column-is-layout-flow\">\n<ul class=\"wp-block-list\">\n<li>bez membr\u00e1nov\u00e9 technologie senzoru<\/li>\n\n\n\n<li>1 a\u017e 8 m\u011b\u0159\u00edc\u00edch senzor\u016f<\/li>\n\n\n\n<li>ovl\u00e1d\u00e1n\u00ed pomoc\u00ed dotykov\u00e9 obrazovky<\/li>\n\n\n\n<li>software v \u010desk\u00e9m jazyce<\/li>\n\n\n\n<li>p\u0159enosn\u00fd<\/li>\n\n\n\n<li>provoz z baterie a\u017e 3 hodiny <\/li>\n\n\n\n<li>do jedn\u00e9 minuty po zapnut\u00ed je schopen m\u011b\u0159it<\/li>\n\n\n\n<li>mo\u017en\u00e9st ukl\u00e1d\u00e1n\u00ed m\u011b\u0159en\u00ed na flash pam\u011b\u0165<\/li>\n\n\n\n<li>mo\u017enost p\u0159ipojen\u00ed do PC<\/li>\n\n\n\n<li>k p\u0159\u00edstroji je mo\u017en\u00e9 dodat mobiln\u00ed stojan<\/li>\n\n\n\n<li>k p\u0159\u00edstroji je mo\u017en\u00e9 dodat tisk\u00e1rnu (od v\u00fdrobce)<\/li>\n\n\n\n<li>nab\u00edz\u00edme mo\u017enost financov\u00e1n\u00ed na spl\u00e1tky, a to bez nav\u00fd\u0161en\u00ed kupn\u00ed ceny<\/li>\n<\/ul>\n<\/div>\n\n\n\n<div class=\"wp-block-column is-layout-flow wp-block-column-is-layout-flow\">\n<figure class=\"wp-block-image size-large is-resized\"><img loading=\"lazy\" decoding=\"async\" width=\"1024\" height=\"683\" src=\"https:\/\/www.scanlabpraha.cz\/wp-content\/uploads\/2024\/10\/Img24919_2-1024x683.jpg\" alt=\"\" class=\"wp-image-89\" style=\"width:532px;height:auto\" srcset=\"https:\/\/www.scanlabpraha.cz\/wp-content\/uploads\/2024\/10\/Img24919_2-1024x683.jpg 1024w, https:\/\/www.scanlabpraha.cz\/wp-content\/uploads\/2024\/10\/Img24919_2-300x200.jpg 300w, https:\/\/www.scanlabpraha.cz\/wp-content\/uploads\/2024\/10\/Img24919_2-768x513.jpg 768w, https:\/\/www.scanlabpraha.cz\/wp-content\/uploads\/2024\/10\/Img24919_2-1536x1025.jpg 1536w, https:\/\/www.scanlabpraha.cz\/wp-content\/uploads\/2024\/10\/Img24919_2-2048x1367.jpg 2048w\" sizes=\"auto, (max-width: 1024px) 100vw, 1024px\" \/><\/figure>\n<\/div>\n<\/div>\n\n\n\n<blockquote class=\"wp-block-quote is-layout-flow wp-block-quote-is-layout-flow\">\n<p>P\u0159\u00edstroje jsou schopny m\u011b\u0159it do jedn\u00e9 minuty po zapnut\u00ed. Bez kalibrace a bez v\u00fdm\u011bny membr\u00e1n.<\/p>\n<\/blockquote>\n\n\n\n<p><strong>K\u00f3d vy\u0161et\u0159en\u00ed: 13065<\/strong>: Diagnostika a posouzen\u00ed z\u00e1va\u017enosti ICHDK. U pacient\u016f s diabetem: p\u0159ed pl\u00e1novanou angiografi\u00ed, p\u0159ed c\u00e9vn\u00edm interven\u010dn\u00edm v\u00fdkonem (PTA nebo c\u00e9vn\u00edm chirurgick\u00fdm v\u00fdkonem) a po n\u011bm k posouzen\u00ed efektu a k diagnostice resten\u00f3z, p\u0159ed pl\u00e1novanou amputac\u00ed, p\u0159ed a po terapii hyperbaroxi\u00ed. U pacient\u016f bez diabetu: diagnostika a posouzen\u00ed z\u00e1va\u017enosti ICHDK s podez\u0159en\u00edm na kritickou ischemii kon\u010detin.<\/p>\n\n\n\n<div class=\"wp-block-columns is-layout-flex wp-container-core-columns-is-layout-9d6595d7 wp-block-columns-is-layout-flex\">\n<div class=\"wp-block-column is-layout-flow wp-block-column-is-layout-flow\">\n<figure class=\"wp-block-image size-large is-resized\"><img loading=\"lazy\" decoding=\"async\" width=\"1024\" height=\"683\" src=\"https:\/\/www.scanlabpraha.cz\/wp-content\/uploads\/2024\/10\/Img24926_2-1024x683.jpg\" alt=\"\" class=\"wp-image-91\" style=\"width:283px;height:auto\" srcset=\"https:\/\/www.scanlabpraha.cz\/wp-content\/uploads\/2024\/10\/Img24926_2-1024x683.jpg 1024w, https:\/\/www.scanlabpraha.cz\/wp-content\/uploads\/2024\/10\/Img24926_2-300x200.jpg 300w, https:\/\/www.scanlabpraha.cz\/wp-content\/uploads\/2024\/10\/Img24926_2-768x513.jpg 768w, https:\/\/www.scanlabpraha.cz\/wp-content\/uploads\/2024\/10\/Img24926_2-1536x1025.jpg 1536w, https:\/\/www.scanlabpraha.cz\/wp-content\/uploads\/2024\/10\/Img24926_2-2048x1367.jpg 2048w\" sizes=\"auto, (max-width: 1024px) 100vw, 1024px\" \/><\/figure>\n<\/div>\n\n\n\n<div class=\"wp-block-column is-layout-flow wp-block-column-is-layout-flow\">\n<p><strong>Sou\u010d\u00e1st\u00ed p\u0159\u00edstroje je:<\/strong><\/p>\n\n\n\n<ul class=\"wp-block-list\">\n<li>kompletn\u011b vyzkou\u0161en\u00fd p\u0159\u00edstroj<\/li>\n\n\n\n<li>voliteln\u011b robustn\u00ed mobiln\u00ed stojan<\/li>\n\n\n\n<li>fixa\u010dn\u00ed krou\u017eky (48 ks\/m\u011b\u0159\u00edc\u00ed senzor)<\/li>\n\n\n\n<li>doprava, instalace a za\u0161kolen\u00ed person\u00e1lu zdarma<\/li>\n\n\n\n<li>BTK b\u011bhem z\u00e1ruky zdarma<\/li>\n\n\n\n<li>Software pro p\u0159ipojen\u00ed do PC<\/li>\n<\/ul>\n<\/div>\n<\/div>\n\n\n\n<p><strong>P\u0159enos nam\u011b\u0159en\u00fdch dat do PC:<\/strong><\/p>\n\n\n\n<p>V\u0161echna m\u011b\u0159en\u00ed je mo\u017en\u00e9 ukl\u00e1dat na <strong>p\u0159ipojenou flash pam\u011b\u0165<\/strong> a t\u00edm je mo\u017en\u00e9 m\u011b\u0159en\u00ed d\u00e1le p\u0159en\u00e1\u0161et do PC. Dal\u0161\u00ed mo\u017enost\u00ed je <strong>p\u0159ipojen\u00ed p\u0159\u00edstroje p\u0159\u00edmo k&nbsp;PC<\/strong>, pomoc\u00ed USB kabelu, a p\u0159\u00edstroj ovl\u00e1dat z&nbsp;p\u0159ipojen\u00e9ho PC. P\u0159\u00edstroj je mo\u017en\u00e9 tak\u00e9 dodat p\u0159\u00edmo s tisk\u00e1rnou (tisk\u00e1rna HP dod\u00e1van\u00e1 v\u00fdrobcem) a v\u00fdsledn\u00e9 protokoly je mo\u017en\u00e9 tisknout ihned po m\u011b\u0159en\u00ed.<\/p>\n\n\n\n<hr class=\"wp-block-separator has-alpha-channel-opacity\"\/>\n\n\n\n<p class=\"has-medium-font-size\"><strong>Pr\u00e9cise 8001 <\/strong><\/p>\n\n\n\n<p>P\u0159enosn\u00fd 1-kan\u00e1lov\u00fd monitor transkut\u00e1nn\u00edho kysl\u00edku. Jedin\u00fd p\u0159enosn\u00fd a nejlevn\u011bj\u0161\u00ed p\u0159\u00edstroj pro stanoven\u00ed transkut\u00e1nn\u00edho kysl\u00edku na trhu.<\/p>\n\n\n\n<div class=\"wp-block-columns is-layout-flex wp-container-core-columns-is-layout-9d6595d7 wp-block-columns-is-layout-flex\">\n<div class=\"wp-block-column is-layout-flow wp-block-column-is-layout-flow\">\n<p><strong>Hlavn\u00ed p\u0159ednosti Pr\u00e9cise 8001:<\/strong><\/p>\n\n\n\n<ul class=\"wp-block-list\">\n<li>p\u0159esnosn\u00fd<\/li>\n\n\n\n<li>provoz z baterie a\u017e 3 hodiny<\/li>\n\n\n\n<li>ovl\u00e1d\u00e1n\u00ed v \u010desk\u00e9m jazyce<\/li>\n\n\n\n<li>ukl\u00e1d\u00e1n\u00ed proveden\u00e9ho m\u011b\u0159en\u00ed na flash pam\u011b\u0165<\/li>\n\n\n\n<li>po zapnut\u00ed, do jedn\u00e9 minuty, schopen m\u011b\u0159it<\/li>\n\n\n\n<li>ovl\u00e1d\u00e1n\u00ed pomoc\u00ed dotykov\u00e9 obrazovky (10,1 palce)<\/li>\n\n\n\n<li>d\u00e9lka kabelu senzoru 2,5 metru<\/li>\n\n\n\n<li>mo\u017enost ovl\u00e1d\u00e1n\u00ed z p\u0159ipojen\u00e9ho PC (software zdarma)<\/li>\n\n\n\n<li>export dat na flash pam\u011b\u0165 (p\u0159enos do .pdf a n\u00e1sledn\u00fd p\u0159enos do PC)<\/li>\n<\/ul>\n<\/div>\n\n\n\n<div class=\"wp-block-column is-layout-flow wp-block-column-is-layout-flow\">\n<figure class=\"wp-block-image size-full is-resized\"><img loading=\"lazy\" decoding=\"async\" width=\"577\" height=\"577\" src=\"https:\/\/www.scanlabpraha.cz\/wp-content\/uploads\/2024\/10\/p8001.jpg\" alt=\"\" class=\"wp-image-103\" style=\"width:277px;height:auto\" srcset=\"https:\/\/www.scanlabpraha.cz\/wp-content\/uploads\/2024\/10\/p8001.jpg 577w, https:\/\/www.scanlabpraha.cz\/wp-content\/uploads\/2024\/10\/p8001-300x300.jpg 300w, https:\/\/www.scanlabpraha.cz\/wp-content\/uploads\/2024\/10\/p8001-150x150.jpg 150w, https:\/\/www.scanlabpraha.cz\/wp-content\/uploads\/2024\/10\/p8001-100x100.jpg 100w\" sizes=\"auto, (max-width: 577px) 100vw, 577px\" \/><\/figure>\n<\/div>\n<\/div>\n\n\n\n<hr class=\"wp-block-separator has-alpha-channel-opacity\"\/>\n\n\n\n<p>M\u00e1te z\u00e1jem o p\u0159edveden\u00ed nebo zap\u016fj\u010den\u00ed p\u0159\u00edstroje? Pros\u00edm, vypl\u0148te n\u00e1sleduj\u00edc\u00ed tabulku a ozveme se V\u00e1m.<\/p>\n\n\n\n<hr class=\"wp-block-separator has-alpha-channel-opacity\"\/>\n\n\n<style id=\"wpforms-css-vars-root\">\n\t\t\t\t:root {\n\t\t\t\t\t--wpforms-field-border-radius: 3px;\n--wpforms-field-border-style: solid;\n--wpforms-field-border-size: 1px;\n--wpforms-field-background-color: #ffffff;\n--wpforms-field-border-color: rgba( 0, 0, 0, 0.25 );\n--wpforms-field-border-color-spare: rgba( 0, 0, 0, 0.25 );\n--wpforms-field-text-color: rgba( 0, 0, 0, 0.7 );\n--wpforms-field-menu-color: #ffffff;\n--wpforms-label-color: rgba( 0, 0, 0, 0.85 );\n--wpforms-label-sublabel-color: rgba( 0, 0, 0, 0.55 );\n--wpforms-label-error-color: #d63637;\n--wpforms-button-border-radius: 3px;\n--wpforms-button-border-style: none;\n--wpforms-button-border-size: 1px;\n--wpforms-button-background-color: #066aab;\n--wpforms-button-border-color: #066aab;\n--wpforms-button-text-color: #ffffff;\n--wpforms-page-break-color: #066aab;\n--wpforms-background-image: none;\n--wpforms-background-position: center center;\n--wpforms-background-repeat: no-repeat;\n--wpforms-background-size: cover;\n--wpforms-background-width: 100px;\n--wpforms-background-height: 100px;\n--wpforms-background-color: rgba( 0, 0, 0, 0 );\n--wpforms-background-url: none;\n--wpforms-container-padding: 0px;\n--wpforms-container-border-style: none;\n--wpforms-container-border-width: 1px;\n--wpforms-container-border-color: #000000;\n--wpforms-container-border-radius: 3px;\n--wpforms-field-size-input-height: 43px;\n--wpforms-field-size-input-spacing: 15px;\n--wpforms-field-size-font-size: 16px;\n--wpforms-field-size-line-height: 19px;\n--wpforms-field-size-padding-h: 14px;\n--wpforms-field-size-checkbox-size: 16px;\n--wpforms-field-size-sublabel-spacing: 5px;\n--wpforms-field-size-icon-size: 1;\n--wpforms-label-size-font-size: 16px;\n--wpforms-label-size-line-height: 19px;\n--wpforms-label-size-sublabel-font-size: 14px;\n--wpforms-label-size-sublabel-line-height: 17px;\n--wpforms-button-size-font-size: 17px;\n--wpforms-button-size-height: 41px;\n--wpforms-button-size-padding-h: 15px;\n--wpforms-button-size-margin-top: 10px;\n--wpforms-container-shadow-size-box-shadow: none;\n\n\t\t\t\t}\n\t\t\t<\/style><div class=\"wpforms-container wpforms-container-full wpforms-block wpforms-block-6c68d530-e4e9-42cc-b5e6-6ce83614e05b wpforms-render-modern\" id=\"wpforms-94\"><form id=\"wpforms-form-94\" class=\"wpforms-validate wpforms-form wpforms-ajax-form\" data-formid=\"94\" method=\"post\" enctype=\"multipart\/form-data\" action=\"\/index.php?rest_route=%2Fwp%2Fv2%2Fpages%2F76\" data-token=\"96721be71af74c8dac3f835d4a77e621\" data-token-time=\"1777513234\"><noscript class=\"wpforms-error-noscript\">Chcete-li vyplnit tento formul\u00e1\u0159, pros\u00edm povolte v prohl\u00ed\u017ee\u010di JavaScript.<\/noscript><div class=\"wpforms-hidden\" id=\"wpforms-error-noscript\">Chcete-li vyplnit tento formul\u00e1\u0159, pros\u00edm povolte v prohl\u00ed\u017ee\u010di JavaScript.<\/div><div class=\"wpforms-field-container\"><div id=\"wpforms-94-field_1-container\" class=\"wpforms-field wpforms-field-text\" data-field-id=\"1\"><label class=\"wpforms-field-label\" for=\"wpforms-94-field_1\">Jm\u00e9no a p\u0159\u00edjmen\u00ed, titul<\/label><input type=\"text\" id=\"wpforms-94-field_1\" class=\"wpforms-field-medium\" name=\"wpforms[fields][1]\" aria-errormessage=\"wpforms-94-field_1-error\" ><\/div><div id=\"wpforms-94-field_2-container\" class=\"wpforms-field wpforms-field-text\" data-field-id=\"2\"><label class=\"wpforms-field-label\" for=\"wpforms-94-field_2\">Adresa zap\u016fj\u010den\u00ed\/p\u0159edveden\u00ed:<\/label><input type=\"text\" id=\"wpforms-94-field_2\" class=\"wpforms-field-medium\" name=\"wpforms[fields][2]\" aria-errormessage=\"wpforms-94-field_2-error\" ><\/div><div id=\"wpforms-94-field_3-container\" class=\"wpforms-field wpforms-field-text\" data-field-id=\"3\"><label class=\"wpforms-field-label\" for=\"wpforms-94-field_3\">Telefon:<\/label><input type=\"text\" id=\"wpforms-94-field_3\" class=\"wpforms-field-medium\" name=\"wpforms[fields][3]\" aria-errormessage=\"wpforms-94-field_3-error\" ><\/div><div id=\"wpforms-94-field_4-container\" class=\"wpforms-field wpforms-field-email\" data-field-id=\"4\"><label class=\"wpforms-field-label\" for=\"wpforms-94-field_4\">E-mail <span class=\"wpforms-required-label\" aria-hidden=\"true\">*<\/span><\/label><input type=\"email\" id=\"wpforms-94-field_4\" class=\"wpforms-field-medium wpforms-field-required\" name=\"wpforms[fields][4]\" spellcheck=\"false\" aria-errormessage=\"wpforms-94-field_4-error\" required><\/div><div id=\"wpforms-94-field_5-container\" class=\"wpforms-field wpforms-field-textarea\" data-field-id=\"5\"><label class=\"wpforms-field-label\" for=\"wpforms-94-field_5\">Va\u0161e sd\u011blen\u00ed:<\/label><textarea id=\"wpforms-94-field_5\" class=\"wpforms-field-medium\" name=\"wpforms[fields][5]\" aria-errormessage=\"wpforms-94-field_5-error\" ><\/textarea><\/div><\/div><!-- .wpforms-field-container --><div class=\"wpforms-submit-container\" ><input type=\"hidden\" name=\"wpforms[id]\" value=\"94\"><input type=\"hidden\" name=\"page_title\" value=\"\"><input type=\"hidden\" name=\"page_url\" value=\"https:\/\/www.scanlabpraha.cz\/index.php?rest_route=%2Fwp%2Fv2%2Fpages%2F76\"><button type=\"submit\" name=\"wpforms[submit]\" id=\"wpforms-submit-94\" class=\"wpforms-submit\" data-alt-text=\"Odes\u00edl\u00e1ni...\" data-submit-text=\"Odeslat\" aria-live=\"assertive\" value=\"wpforms-submit\">Odeslat<\/button><img loading=\"lazy\" decoding=\"async\" src=\"https:\/\/www.scanlabpraha.cz\/wp-content\/plugins\/wpforms-lite\/assets\/images\/submit-spin.svg\" class=\"wpforms-submit-spinner\" style=\"display: none;\" width=\"26\" height=\"26\" alt=\"Na\u010d\u00edt\u00e1n\u00ed\"><\/div><\/form><\/div>  <!-- .wpforms-container -->","protected":false},"excerpt":{"rendered":"<p>Monitory transkut\u00e1nn\u00edho kysl\u00edku Pr\u00e9cise 8008 Pr\u00e9cise 8008 je modern\u00ed tcpO2 monitor. Tento p\u0159\u00edstroj je mo\u017en\u00e9 osadit 1 a\u017e 8 m\u011b\u0159\u00edc\u00edmi senzory. Po\u010det senzor\u016f je mo\u017en\u00e9 zv\u00fd\u0161it i po n\u00e1kupu p\u0159\u00edstroje a nen\u00ed nutn\u00e9 kupovat moduly apod., senzor se jednodu\u0161e do p\u0159\u00edstroje p\u0159ipoj\u00ed a je mo\u017en\u00e9 jej ihned pou\u017e\u00edvat. V softwaru p\u0159\u00edstroje je mo\u017en\u00e9 jednodu\u0161e identifikovat [&hellip;]<\/p>\n","protected":false},"author":1,"featured_media":110,"parent":0,"menu_order":0,"comment_status":"closed","ping_status":"closed","template":"","meta":{"iawp_total_views":130,"footnotes":""},"class_list":["post-76","page","type-page","status-publish","has-post-thumbnail","hentry"],"jetpack_sharing_enabled":true,"_links":{"self":[{"href":"https:\/\/www.scanlabpraha.cz\/index.php?rest_route=\/wp\/v2\/pages\/76","targetHints":{"allow":["GET"]}}],"collection":[{"href":"https:\/\/www.scanlabpraha.cz\/index.php?rest_route=\/wp\/v2\/pages"}],"about":[{"href":"https:\/\/www.scanlabpraha.cz\/index.php?rest_route=\/wp\/v2\/types\/page"}],"author":[{"embeddable":true,"href":"https:\/\/www.scanlabpraha.cz\/index.php?rest_route=\/wp\/v2\/users\/1"}],"replies":[{"embeddable":true,"href":"https:\/\/www.scanlabpraha.cz\/index.php?rest_route=%2Fwp%2Fv2%2Fcomments&post=76"}],"version-history":[{"count":40,"href":"https:\/\/www.scanlabpraha.cz\/index.php?rest_route=\/wp\/v2\/pages\/76\/revisions"}],"predecessor-version":[{"id":746,"href":"https:\/\/www.scanlabpraha.cz\/index.php?rest_route=\/wp\/v2\/pages\/76\/revisions\/746"}],"wp:featuredmedia":[{"embeddable":true,"href":"https:\/\/www.scanlabpraha.cz\/index.php?rest_route=\/wp\/v2\/media\/110"}],"wp:attachment":[{"href":"https:\/\/www.scanlabpraha.cz\/index.php?rest_route=%2Fwp%2Fv2%2Fmedia&parent=76"}],"curies":[{"name":"wp","href":"https:\/\/api.w.org\/{rel}","templated":true}]}}