{"id":8,"date":"2024-09-25T10:38:28","date_gmt":"2024-09-25T10:38:28","guid":{"rendered":"https:\/\/www.scanlabpraha.cz\/?page_id=8"},"modified":"2026-03-09T14:07:07","modified_gmt":"2026-03-09T14:07:07","slug":"viasonix-falcon","status":"publish","type":"page","link":"https:\/\/www.scanlabpraha.cz\/?page_id=8","title":{"rendered":"Viasonix Falcon"},"content":{"rendered":"\n<p class=\"has-large-font-size\"><strong>Foto-pletysmograf pro tepenn\u00e9 i \u017eiln\u00ed vy\u0161et\u0159en\u00ed &#8211; all in one<\/strong><\/p>\n\n\n\n<p>P\u0159\u00edstroje <strong>Viasonix Falcon<\/strong> p\u0159edstavuj\u00ed \u0161pi\u010dku v oblasti neinvazivn\u00ed c\u00e9vn\u00ed diagnostiky. Jsou navr\u017eeny tak, aby poskytovaly rychl\u00e9, p\u0159esn\u00e9 a reprodukovateln\u00e9 v\u00fdsledky p\u0159i vy\u0161et\u0159en\u00ed perifern\u00edho arteri\u00e1ln\u00edho i \u017eiln\u00edho syst\u00e9mu. D\u00edky intuitivn\u00edmu ovl\u00e1d\u00e1n\u00ed, robustn\u00ed konstrukci a \u0161irok\u00fdm mo\u017enostem m\u011b\u0159en\u00ed jsou ide\u00e1ln\u00ed volbou pro nemocnice, c\u00e9vn\u00ed ambulance, angiologick\u00e9 praxe i men\u0161\u00ed ordinace.<\/p>\n\n\n\n<div class=\"wp-block-columns is-layout-flex wp-container-core-columns-is-layout-9d6595d7 wp-block-columns-is-layout-flex\">\n<div class=\"wp-block-column is-layout-flow wp-block-column-is-layout-flow\">\n<p><strong>Hlavn\u00ed p\u0159ednosti syst\u00e9mu Viasonix Falcon:<\/strong><\/p>\n\n\n\n<ul class=\"wp-block-list\">\n<li>software je v \u010de\u0161tin\u011b a sloven\u0161tin\u011b<\/li>\n\n\n\n<li>mo\u017enost prov\u00e1d\u011bn\u00ed tepenn\u00fdch i \u017eiln\u00edch test\u016f<\/li>\n\n\n\n<li>intuitivn\u00ed software<\/li>\n\n\n\n<li>automatick\u00e9 ukl\u00e1d\u00e1n\u00ed m\u011b\u0159en\u00ed a jeho p\u0159\u00edpadn\u00e9 odes\u00edl\u00e1n\u00ed do s\u00edt\u011b (do dom\u00e9ny, emailem apod) nebo tisk na p\u0159ipojen\u00e9 tisk\u00e1rn\u011b<\/li>\n\n\n\n<li>robustn\u00ed kontrukce<\/li>\n\n\n\n<li>mo\u017enost p\u0159evozu (mobiln\u00ed stojan)<\/li>\n\n\n\n<li>ovl\u00e1d\u00e1n\u00ed pomoc\u00ed dotykov\u00e9ho monitoru, kombinace kl\u00e1vesnice a my\u0161i, p\u0159\u00edpadn\u011b d\u00e1lkov\u00fdm ovl\u00e1d\u00e1n\u00edm<\/li>\n\n\n\n<li>foto-pletysmografick\u00e9 m\u011b\u0159en\u00ed, nejedn\u00e1 se o oscilometrickou metodu (zna\u010dn\u011b p\u0159esn\u011bj\u0161\u00ed)<\/li>\n\n\n\n<li>v\u0161echny modely je mo\u017en\u00e9 nastavovat a servisovat vzd\u00e1len\u011b (TeamViewer)<\/li>\n\n\n\n<li>nab\u00edz\u00edme mo\u017enost financov\u00e1n\u00ed na spl\u00e1tky, a to bez nav\u00fd\u0161en\u00ed kupn\u00ed ceny<\/li>\n<\/ul>\n<\/div>\n\n\n\n<div class=\"wp-block-column is-layout-flow wp-block-column-is-layout-flow\"><div class=\"wp-block-image\">\n<figure class=\"alignright size-full is-resized\"><img loading=\"lazy\" decoding=\"async\" width=\"400\" height=\"585\" src=\"http:\/\/www.scanlabpraha.cz\/wp-content\/uploads\/2025\/02\/Falcon-on-Cart-White-Background.png\" alt=\"\" class=\"wp-image-513\" style=\"width:332px;height:auto\" srcset=\"https:\/\/www.scanlabpraha.cz\/wp-content\/uploads\/2025\/02\/Falcon-on-Cart-White-Background.png 400w, https:\/\/www.scanlabpraha.cz\/wp-content\/uploads\/2025\/02\/Falcon-on-Cart-White-Background-205x300.png 205w\" sizes=\"auto, (max-width: 400px) 100vw, 400px\" \/><\/figure>\n<\/div><\/div>\n<\/div>\n\n\n\n<blockquote class=\"wp-block-quote is-layout-flow wp-block-quote-is-layout-flow\">\n<p><strong>Ve\u0161ker\u00e9 vy\u0161et\u0159en\u00ed v jednom p\u0159\u00edstroji, \u017e\u00e1dn\u00e9 moduly, \u017e\u00e1dn\u00e9 roz\u0161\u00ed\u0159en\u00ed softwaru, \u017e\u00e1dn\u00e9 licence. Update nov\u00e9ho softwaru je v\u017edy zdarma. BTK na 2 roky zdarma.  <\/strong><\/p>\n<\/blockquote>\n\n\n\n<figure class=\"wp-block-table\"><table class=\"has-light-green-cyan-background-color has-background has-fixed-layout\"><tbody><tr><td><strong>Rutinn\u00ed vy\u0161et\u0159en\u00ed:<\/strong><br>ABI<br>TBI<br>doppler vy\u0161et\u0159en\u00ed<br>kotn\u00edkov\u00e9 tlaky<br>foto pletysmografick\u00e1 vy\u0161et\u0159en\u00ed<\/td><td><strong>\u017diln\u00ed vy\u0161et\u0159en\u00ed:<\/strong><br>\u017eiln\u00ed reflux (DPPG)<br>MVO\/SVC (\u017eiln\u00ed odtok vs. kapacita \u017eil)<br><\/td><\/tr><tr><td><strong>Vy\u0161et\u0159en\u00ed horn\u00edch kon\u010detin:<\/strong><br>Raynaud\u016fv syndrom<br>TOS (mo\u017enost nastaven\u00ed vlastn\u00edch cvi\u010den\u00ed)<br>palm\u00e1rn\u00ed test<br>extrakrani\u00e1ln\u00ed vy\u0161et\u0159en\u00ed<\/td><td><strong>Vy\u0161et\u0159en\u00ed doln\u00edch kon\u010detin:<\/strong><br>rychlost \u0161\u00ed\u0159en\u00ed pulsn\u00ed vlny (PWV)<br>reaktivn\u00ed hyper\u00e9mie<br>air pletysmograf<br>MVO\/SVC<br>Air pletysmograf<br>chladov\u00e9 testy<\/td><\/tr><\/tbody><\/table><\/figure>\n\n\n\n<blockquote class=\"wp-block-quote is-layout-flow wp-block-quote-is-layout-flow\">\n<p><strong>V\u0161echna m\u011b\u0159en\u00ed se daj\u00ed upravit dle u\u017eivatele, barevn\u00e9 ozna\u010den\u00ed tlakov\u00fdch hadic, maxim\u00e1ln\u00ed tlaky v man\u017eet\u00e1ch, barvy pou\u017eit\u00fdch senzor\u016f, kombinace posloupnosti test\u016f, typy m\u011b\u0159en\u00ed, n\u00e1zvy m\u011b\u0159en\u00ed apod.<\/strong> Software je zcela u\u017eivatelsky nastaviteln\u00fd.<\/p>\n<\/blockquote>\n\n\n\n<div class=\"wp-block-columns is-layout-flex wp-container-core-columns-is-layout-9d6595d7 wp-block-columns-is-layout-flex\">\n<div class=\"wp-block-column is-layout-flow wp-block-column-is-layout-flow\">\n<p><strong>Viasonix Falcon Pro\/Quad\/ABI je modern\u00ed p\u0159\u00edstroj pro vaskul\u00e1rn\u00e9 vy\u0161et\u0159en\u00ed. Nab\u00edz\u00ed se ve 3 verz\u00edch:<\/strong><\/p>\n\n\n\n<ol class=\"wp-block-list\">\n<li><strong>Falcon PRO<\/strong>: 5 x PPG prstov\u00fd senzor, 2 x diskov\u00fd senzor, 2 x doppler sonda, 10 x tlakov\u00e1 hadice<\/li>\n\n\n\n<li><strong>Falcon QUAD<\/strong>: 4 x PPG prstov\u00fd senzor, 2 x diskov\u00fd senzor, 2 x doppler sonda, 4 x tlakov\u00e1 hadice<\/li>\n\n\n\n<li><strong>Falcon ABI<\/strong>: 4 x PPG prstov\u00fd senzor, 2 x diskov\u00fd senzor, 4 x tlakov\u00e1 hadice<\/li>\n<\/ol>\n<\/div>\n\n\n\n<div class=\"wp-block-column is-layout-flow wp-block-column-is-layout-flow\"><div class=\"wp-block-image\">\n<figure class=\"aligncenter size-large is-resized\"><img loading=\"lazy\" decoding=\"async\" width=\"700\" height=\"1024\" src=\"http:\/\/www.scanlabpraha.cz\/wp-content\/uploads\/2024\/09\/VSX_HighRes_Transparent_FalconOnCart-700x1024.png\" alt=\"\" class=\"wp-image-15\" style=\"aspect-ratio:0.6836027713625866;width:227px;height:auto\" srcset=\"https:\/\/www.scanlabpraha.cz\/wp-content\/uploads\/2024\/09\/VSX_HighRes_Transparent_FalconOnCart-700x1024.png 700w, https:\/\/www.scanlabpraha.cz\/wp-content\/uploads\/2024\/09\/VSX_HighRes_Transparent_FalconOnCart-205x300.png 205w, https:\/\/www.scanlabpraha.cz\/wp-content\/uploads\/2024\/09\/VSX_HighRes_Transparent_FalconOnCart-768x1123.png 768w, https:\/\/www.scanlabpraha.cz\/wp-content\/uploads\/2024\/09\/VSX_HighRes_Transparent_FalconOnCart-1050x1536.png 1050w, https:\/\/www.scanlabpraha.cz\/wp-content\/uploads\/2024\/09\/VSX_HighRes_Transparent_FalconOnCart-1400x2048.png 1400w\" sizes=\"auto, (max-width: 700px) 100vw, 700px\" \/><\/figure>\n<\/div><\/div>\n<\/div>\n\n\n\n<div class=\"wp-block-columns is-layout-flex wp-container-core-columns-is-layout-9d6595d7 wp-block-columns-is-layout-flex\">\n<div class=\"wp-block-column is-layout-flow wp-block-column-is-layout-flow\" style=\"flex-basis:66.66%\">\n<p>Snadno zm\u011b\u0159te tlaky doln\u00edch kon\u010detin pomoc\u00ed a\u017e 10 barevn\u011b ozna\u010den\u00fdch tlakov\u00fdch kan\u00e1l\u016f s pomoc\u00ed Dopplerov\u00fdch sond a PPG senzor\u016f. Mo\u017enost  prstov\u00e9 pletysmografie a\u017e na 4 prstech najednou.<\/p>\n\n\n\n<p>Falcon je mnoh\u00fdmi pova\u017eov\u00e1n za nejlep\u0161\u00ed p\u0159\u00edstroj pro m\u011b\u0159en\u00ed segment\u00e1ln\u00edch tlak\u016f, kter\u00fd nab\u00edz\u00ed \u0159adu pokro\u010dil\u00fdch funkc\u00ed, jako je 10 sou\u010dasn\u00fdch m\u011b\u0159en\u00ed PVR a neomezen\u00e9 mo\u017enosti n\u00e1sledn\u00e9ho zpracov\u00e1n\u00ed.<\/p>\n<\/div>\n\n\n\n<div class=\"wp-block-column is-layout-flow wp-block-column-is-layout-flow\" style=\"flex-basis:33.33%\"><div class=\"wp-block-image\">\n<figure class=\"alignright size-full\"><img loading=\"lazy\" decoding=\"async\" width=\"600\" height=\"400\" src=\"https:\/\/www.scanlabpraha.cz\/wp-content\/uploads\/2024\/10\/VSX_LowRes_Examination.jpg\" alt=\"\" class=\"wp-image-31\" srcset=\"https:\/\/www.scanlabpraha.cz\/wp-content\/uploads\/2024\/10\/VSX_LowRes_Examination.jpg 600w, https:\/\/www.scanlabpraha.cz\/wp-content\/uploads\/2024\/10\/VSX_LowRes_Examination-300x200.jpg 300w, https:\/\/www.scanlabpraha.cz\/wp-content\/uploads\/2024\/10\/VSX_LowRes_Examination-400x267.jpg 400w\" sizes=\"auto, (max-width: 600px) 100vw, 600px\" \/><\/figure>\n<\/div><\/div>\n<\/div>\n\n\n\n<div class=\"wp-block-columns is-layout-flex wp-container-core-columns-is-layout-9d6595d7 wp-block-columns-is-layout-flex\">\n<div class=\"wp-block-column is-layout-flow wp-block-column-is-layout-flow\" style=\"flex-basis:33.33%\">\n<figure class=\"wp-block-image size-large is-resized\"><img loading=\"lazy\" decoding=\"async\" width=\"1024\" height=\"640\" src=\"https:\/\/www.scanlabpraha.cz\/wp-content\/uploads\/2025\/02\/Blood-Pressure-Charts-1024x640.png\" alt=\"\" class=\"wp-image-519\" style=\"width:223px;height:auto\" srcset=\"https:\/\/www.scanlabpraha.cz\/wp-content\/uploads\/2025\/02\/Blood-Pressure-Charts-1024x640.png 1024w, https:\/\/www.scanlabpraha.cz\/wp-content\/uploads\/2025\/02\/Blood-Pressure-Charts-300x188.png 300w, https:\/\/www.scanlabpraha.cz\/wp-content\/uploads\/2025\/02\/Blood-Pressure-Charts-768x480.png 768w, https:\/\/www.scanlabpraha.cz\/wp-content\/uploads\/2025\/02\/Blood-Pressure-Charts.png 1280w\" sizes=\"auto, (max-width: 1024px) 100vw, 1024px\" \/><\/figure>\n<\/div>\n\n\n\n<div class=\"wp-block-column is-layout-flow wp-block-column-is-layout-flow\" style=\"flex-basis:66.66%\">\n<p>Rychle zm\u011b\u0159te <strong>ABI <\/strong>a <strong>TBI <\/strong>pomoc\u00ed Doppleru nebo fotopletysmografie (PPG).<\/p>\n\n\n\n<p>S p\u0159\u00edstrojem Falcon ABI a TBI se v\u0161echna m\u011b\u0159en\u00ed automaticky ukl\u00e1daj\u00ed a odes\u00edlaj\u00ed p\u0159\u00edmo na vyhrazenou interaktivn\u00ed obrazovku s p\u0159ehledem.<\/p>\n<\/div>\n<\/div>\n\n\n\n<div class=\"wp-block-columns is-layout-flex wp-container-core-columns-is-layout-9d6595d7 wp-block-columns-is-layout-flex\">\n<div class=\"wp-block-column is-layout-flow wp-block-column-is-layout-flow\" style=\"flex-basis:66.66%\">\n<p>Krom\u011b 4 MHz a 8 MHz sond pro standardn\u00ed pou\u017eit\u00ed nab\u00edz\u00ed pokro\u010dil\u00fd Doppler p\u0159\u00edstroj Falcon unik\u00e1tn\u00ed 10 MHz sondu, kter\u00e1 je navr\u017eena pro m\u011b\u0159en\u00ed obzvl\u00e1\u0161t\u011b mal\u00fdch perifern\u00edch krevn\u00edch c\u00e9v.<\/p>\n\n\n\n<p>V\u0161echny Dopplerov\u00e9 sondy Falcon poskytuj\u00ed kompletn\u00ed vysokorychlostn\u00ed spektr\u00e1ln\u00ed anal\u00fdzu Doppleru s pomoc\u00ed c\u00e9vn\u00edho softwaru a algoritm\u016f Falcon.<\/p>\n<\/div>\n\n\n\n<div class=\"wp-block-column is-layout-flow wp-block-column-is-layout-flow\" style=\"flex-basis:33.33%\"><div class=\"wp-block-image\">\n<figure class=\"alignright size-large is-resized\"><img loading=\"lazy\" decoding=\"async\" width=\"1015\" height=\"1024\" src=\"https:\/\/www.scanlabpraha.cz\/wp-content\/uploads\/2024\/10\/VSX_HighRes_DopplerProbes1-1015x1024.png\" alt=\"\" class=\"wp-image-35\" style=\"width:161px;height:auto\" srcset=\"https:\/\/www.scanlabpraha.cz\/wp-content\/uploads\/2024\/10\/VSX_HighRes_DopplerProbes1-1015x1024.png 1015w, https:\/\/www.scanlabpraha.cz\/wp-content\/uploads\/2024\/10\/VSX_HighRes_DopplerProbes1-297x300.png 297w, https:\/\/www.scanlabpraha.cz\/wp-content\/uploads\/2024\/10\/VSX_HighRes_DopplerProbes1-150x150.png 150w, https:\/\/www.scanlabpraha.cz\/wp-content\/uploads\/2024\/10\/VSX_HighRes_DopplerProbes1-768x775.png 768w, https:\/\/www.scanlabpraha.cz\/wp-content\/uploads\/2024\/10\/VSX_HighRes_DopplerProbes1-1523x1536.png 1523w, https:\/\/www.scanlabpraha.cz\/wp-content\/uploads\/2024\/10\/VSX_HighRes_DopplerProbes1.png 1849w\" sizes=\"auto, (max-width: 1015px) 100vw, 1015px\" \/><\/figure>\n<\/div><\/div>\n<\/div>\n\n\n\n<div class=\"wp-block-columns is-layout-flex wp-container-core-columns-is-layout-9d6595d7 wp-block-columns-is-layout-flex\">\n<div class=\"wp-block-column is-layout-flow wp-block-column-is-layout-flow\" style=\"flex-basis:33.33%\">\n<figure class=\"wp-block-image size-full is-resized\"><img loading=\"lazy\" decoding=\"async\" width=\"500\" height=\"345\" src=\"https:\/\/www.scanlabpraha.cz\/wp-content\/uploads\/2024\/10\/VSX_LowRes_PpgDisk.jpg\" alt=\"\" class=\"wp-image-36\" style=\"width:199px;height:auto\" srcset=\"https:\/\/www.scanlabpraha.cz\/wp-content\/uploads\/2024\/10\/VSX_LowRes_PpgDisk.jpg 500w, https:\/\/www.scanlabpraha.cz\/wp-content\/uploads\/2024\/10\/VSX_LowRes_PpgDisk-300x207.jpg 300w, https:\/\/www.scanlabpraha.cz\/wp-content\/uploads\/2024\/10\/VSX_LowRes_PpgDisk-400x276.jpg 400w\" sizes=\"auto, (max-width: 500px) 100vw, 500px\" \/><\/figure>\n<\/div>\n\n\n\n<div class=\"wp-block-column is-layout-flow wp-block-column-is-layout-flow\" style=\"flex-basis:66.66%\">\n<p><strong>Falcon nab\u00edz\u00ed \u0161irok\u00fd v\u00fdb\u011br fotopletysmografick\u00fdch senzor\u016f.<\/strong><\/p>\n\n\n\n<p>4 a\u017e 5 zcela nez\u00e1visl\u00fdch PPG senzor\u016f umo\u017e\u0148uje sou\u010dasn\u00e9 m\u011b\u0159en\u00ed na prstech rukou i nohou, co\u017e je obzvl\u00e1\u0161t\u011b u\u017eite\u010dn\u00e9 pro diagnostiku Raynaudovy choroby spolu s integrovan\u00fdm teplotn\u00edm senzorem.<\/p>\n\n\n\n<p>PPG senzory s klipem na prsty rukou a nohou jsou doporu\u010dov\u00e1ny pro rutinn\u00ed vy\u0161et\u0159en\u00ed. Diskov\u00e9 PPG senzory jsou zvl\u00e1\u0161t\u011b u\u017eite\u010dn\u00e9 pro testov\u00e1n\u00ed \u017eiln\u00edho refluxu a jsou dod\u00e1v\u00e1ny s p\u0159ilnav\u00fdmi n\u00e1lepkami.<\/p>\n<\/div>\n<\/div>\n\n\n\n<blockquote class=\"wp-block-quote is-layout-flow wp-block-quote-is-layout-flow\">\n<p>Vy\u0161et\u0159en\u00ed \u017eiln\u00edho refluxu\/DPPG je prov\u00e1d\u011bno bez a s turniketem. Ob\u011b vy\u0161et\u0159en\u00ed jsou pot\u00e9 zobrazena v jednom protokolu. <\/p>\n<\/blockquote>\n\n\n\n<div class=\"wp-block-columns is-layout-flex wp-container-core-columns-is-layout-9d6595d7 wp-block-columns-is-layout-flex\">\n<div class=\"wp-block-column is-layout-flow wp-block-column-is-layout-flow\" style=\"flex-basis:66.66%\">\n<p><strong>V\u0161echny pot\u0159ebn\u00e9 m\u011b\u0159\u00edc\u00ed funkce lze jednodu\u0161e programovat<\/strong>. Soubor vy\u0161et\u0159en\u00edch, kter\u00e1 jsou na p\u0159\u00edstroji Falcon dostupn\u00e1, nen\u00ed kone\u010dn\u00fd a vy\u0161et\u0159en\u00ed lze jednodu\u0161e p\u0159id\u00e1vat\/upravovat\/mazat apod. Se v\u0161\u00edm V\u00e1m r\u00e1di pom\u016f\u017eeme. P\u0159i instalci v\u017edy nastavujeme p\u0159\u00edstroj dle Va\u0161ich pot\u0159eb.<\/p>\n\n\n\n<p>Hotov\u00e1 vy\u0161et\u0159en\u00ed je mo\u017en\u00e9 exportovat do n\u011bkolika typ\u016f form\u00e1t\u016f. Vy\u0161et\u0159en\u00ed se manu\u00e1ln\u011b neukl\u00e1d\u00e1, pouze se klikne na ikonu a m\u011b\u0159en\u00ed je odesl\u00e1no na PC\/server nebo je vyti\u0161t\u011bno. PC software uchov\u00e1 a\u017e 5000 m\u011b\u0159en\u00ed.<\/p>\n\n\n\n<p>I v\u00fdsledn\u00fd protokol je pln\u011b konfigurovateln\u00fd, v\u010detn\u011b um\u00edst\u011bn\u00ed loga Va\u0161\u00ed ambulance\/odd\u011blen\u00ed, adresy a spousty dal\u0161\u00edho.<\/p>\n<\/div>\n\n\n\n<div class=\"wp-block-column is-layout-flow wp-block-column-is-layout-flow\" style=\"flex-basis:33.33%\"><div class=\"wp-block-image\">\n<figure class=\"alignright size-full is-resized\"><img loading=\"lazy\" decoding=\"async\" width=\"500\" height=\"360\" src=\"https:\/\/www.scanlabpraha.cz\/wp-content\/uploads\/2024\/10\/falcon-feature-export-data.jpg\" alt=\"\" class=\"wp-image-39\" style=\"width:243px;height:auto\" srcset=\"https:\/\/www.scanlabpraha.cz\/wp-content\/uploads\/2024\/10\/falcon-feature-export-data.jpg 500w, https:\/\/www.scanlabpraha.cz\/wp-content\/uploads\/2024\/10\/falcon-feature-export-data-300x216.jpg 300w, https:\/\/www.scanlabpraha.cz\/wp-content\/uploads\/2024\/10\/falcon-feature-export-data-400x288.jpg 400w\" sizes=\"auto, (max-width: 500px) 100vw, 500px\" \/><\/figure>\n<\/div><\/div>\n<\/div>\n\n\n\n<hr class=\"wp-block-separator has-alpha-channel-opacity\"\/>\n\n\n\n<p><strong>M\u00e1te z\u00e1jem o p\u0159edveden\u00ed nebo zap\u016fj\u010den\u00ed p\u0159\u00edstroje? Pros\u00edm, vypl\u0148te n\u00e1sleduj\u00edc\u00ed tabulku a ozveme se V\u00e1m. P\u0159\u00edstroj V\u00e1m r\u00e1di zap\u016fj\u010d\u00edme a\u017e na jeden m\u011bs\u00edc.<\/strong><\/p>\n\n\n\n<hr class=\"wp-block-separator has-alpha-channel-opacity\"\/>\n\n\n<style id=\"wpforms-css-vars-root\">\n\t\t\t\t:root {\n\t\t\t\t\t--wpforms-field-border-radius: 3px;\n--wpforms-field-border-style: solid;\n--wpforms-field-border-size: 1px;\n--wpforms-field-background-color: #ffffff;\n--wpforms-field-border-color: rgba( 0, 0, 0, 0.25 );\n--wpforms-field-border-color-spare: rgba( 0, 0, 0, 0.25 );\n--wpforms-field-text-color: rgba( 0, 0, 0, 0.7 );\n--wpforms-field-menu-color: #ffffff;\n--wpforms-label-color: rgba( 0, 0, 0, 0.85 );\n--wpforms-label-sublabel-color: rgba( 0, 0, 0, 0.55 );\n--wpforms-label-error-color: #d63637;\n--wpforms-button-border-radius: 3px;\n--wpforms-button-border-style: none;\n--wpforms-button-border-size: 1px;\n--wpforms-button-background-color: #066aab;\n--wpforms-button-border-color: #066aab;\n--wpforms-button-text-color: #ffffff;\n--wpforms-page-break-color: #066aab;\n--wpforms-background-image: none;\n--wpforms-background-position: center center;\n--wpforms-background-repeat: no-repeat;\n--wpforms-background-size: cover;\n--wpforms-background-width: 100px;\n--wpforms-background-height: 100px;\n--wpforms-background-color: rgba( 0, 0, 0, 0 );\n--wpforms-background-url: none;\n--wpforms-container-padding: 0px;\n--wpforms-container-border-style: none;\n--wpforms-container-border-width: 1px;\n--wpforms-container-border-color: #000000;\n--wpforms-container-border-radius: 3px;\n--wpforms-field-size-input-height: 43px;\n--wpforms-field-size-input-spacing: 15px;\n--wpforms-field-size-font-size: 16px;\n--wpforms-field-size-line-height: 19px;\n--wpforms-field-size-padding-h: 14px;\n--wpforms-field-size-checkbox-size: 16px;\n--wpforms-field-size-sublabel-spacing: 5px;\n--wpforms-field-size-icon-size: 1;\n--wpforms-label-size-font-size: 16px;\n--wpforms-label-size-line-height: 19px;\n--wpforms-label-size-sublabel-font-size: 14px;\n--wpforms-label-size-sublabel-line-height: 17px;\n--wpforms-button-size-font-size: 17px;\n--wpforms-button-size-height: 41px;\n--wpforms-button-size-padding-h: 15px;\n--wpforms-button-size-margin-top: 10px;\n--wpforms-container-shadow-size-box-shadow: none;\n\n\t\t\t\t}\n\t\t\t<\/style><div class=\"wpforms-container wpforms-container-full wpforms-block wpforms-block-73db301a-c938-48f4-bd64-25bf63667f7d wpforms-render-modern\" id=\"wpforms-467\"><form id=\"wpforms-form-467\" class=\"wpforms-validate wpforms-form wpforms-ajax-form\" data-formid=\"467\" method=\"post\" enctype=\"multipart\/form-data\" action=\"\/index.php?rest_route=%2Fwp%2Fv2%2Fpages%2F8\" data-token=\"ab4006ddf87de281ab99653c67800fae\" data-token-time=\"1777513364\"><noscript class=\"wpforms-error-noscript\">Chcete-li vyplnit tento formul\u00e1\u0159, pros\u00edm povolte v prohl\u00ed\u017ee\u010di JavaScript.<\/noscript><div class=\"wpforms-hidden\" id=\"wpforms-error-noscript\">Chcete-li vyplnit tento formul\u00e1\u0159, pros\u00edm povolte v prohl\u00ed\u017ee\u010di JavaScript.<\/div><div class=\"wpforms-field-container\"><div id=\"wpforms-467-field_6-container\" class=\"wpforms-field wpforms-field-text\" data-field-id=\"6\"><label class=\"wpforms-field-label\" for=\"wpforms-467-field_6\">Nemocnice, organizace, ambulance<\/label><input type=\"text\" id=\"wpforms-467-field_6\" class=\"wpforms-field-medium\" name=\"wpforms[fields][6]\" aria-errormessage=\"wpforms-467-field_6-error\" ><\/div><div id=\"wpforms-467-field_1-container\" class=\"wpforms-field wpforms-field-text\" data-field-id=\"1\"><label class=\"wpforms-field-label\" for=\"wpforms-467-field_1\">Jm\u00e9no a p\u0159\u00edjmen\u00ed, titul<\/label><input type=\"text\" id=\"wpforms-467-field_1\" class=\"wpforms-field-medium\" name=\"wpforms[fields][1]\" aria-errormessage=\"wpforms-467-field_1-error\" ><\/div><div id=\"wpforms-467-field_2-container\" class=\"wpforms-field wpforms-field-text\" data-field-id=\"2\"><label class=\"wpforms-field-label\" for=\"wpforms-467-field_2\">Adresa zap\u016fj\u010den\u00ed\/p\u0159edveden\u00ed:<\/label><input type=\"text\" id=\"wpforms-467-field_2\" class=\"wpforms-field-medium\" name=\"wpforms[fields][2]\" aria-errormessage=\"wpforms-467-field_2-error\" ><\/div><div id=\"wpforms-467-field_3-container\" class=\"wpforms-field wpforms-field-text\" data-field-id=\"3\"><label class=\"wpforms-field-label\" for=\"wpforms-467-field_3\">Telefon:<\/label><input type=\"text\" id=\"wpforms-467-field_3\" class=\"wpforms-field-medium\" name=\"wpforms[fields][3]\" aria-errormessage=\"wpforms-467-field_3-error\" ><\/div><div id=\"wpforms-467-field_4-container\" class=\"wpforms-field wpforms-field-email\" data-field-id=\"4\"><label class=\"wpforms-field-label\" for=\"wpforms-467-field_4\">E-mail <span class=\"wpforms-required-label\" aria-hidden=\"true\">*<\/span><\/label><input type=\"email\" id=\"wpforms-467-field_4\" class=\"wpforms-field-medium wpforms-field-required\" name=\"wpforms[fields][4]\" spellcheck=\"false\" aria-errormessage=\"wpforms-467-field_4-error\" required><\/div><div id=\"wpforms-467-field_5-container\" class=\"wpforms-field wpforms-field-textarea\" data-field-id=\"5\"><label class=\"wpforms-field-label\" for=\"wpforms-467-field_5\">Va\u0161e sd\u011blen\u00ed:<\/label><textarea id=\"wpforms-467-field_5\" class=\"wpforms-field-medium\" name=\"wpforms[fields][5]\" aria-errormessage=\"wpforms-467-field_5-error\" ><\/textarea><\/div><\/div><!-- .wpforms-field-container --><div class=\"wpforms-submit-container\" ><input type=\"hidden\" name=\"wpforms[id]\" value=\"467\"><input type=\"hidden\" name=\"page_title\" value=\"\"><input type=\"hidden\" name=\"page_url\" value=\"https:\/\/www.scanlabpraha.cz\/index.php?rest_route=%2Fwp%2Fv2%2Fpages%2F8\"><button type=\"submit\" name=\"wpforms[submit]\" id=\"wpforms-submit-467\" class=\"wpforms-submit\" data-alt-text=\"Odes\u00edl\u00e1ni...\" data-submit-text=\"Odeslat\" aria-live=\"assertive\" value=\"wpforms-submit\">Odeslat<\/button><img loading=\"lazy\" decoding=\"async\" src=\"https:\/\/www.scanlabpraha.cz\/wp-content\/plugins\/wpforms-lite\/assets\/images\/submit-spin.svg\" class=\"wpforms-submit-spinner\" style=\"display: none;\" width=\"26\" height=\"26\" alt=\"Na\u010d\u00edt\u00e1n\u00ed\"><\/div><\/form><\/div>  <!-- .wpforms-container -->","protected":false},"excerpt":{"rendered":"<p>Foto-pletysmograf pro tepenn\u00e9 i \u017eiln\u00ed vy\u0161et\u0159en\u00ed &#8211; all in one P\u0159\u00edstroje Viasonix Falcon p\u0159edstavuj\u00ed \u0161pi\u010dku v oblasti neinvazivn\u00ed c\u00e9vn\u00ed diagnostiky. Jsou navr\u017eeny tak, aby poskytovaly rychl\u00e9, p\u0159esn\u00e9 a reprodukovateln\u00e9 v\u00fdsledky p\u0159i vy\u0161et\u0159en\u00ed perifern\u00edho arteri\u00e1ln\u00edho i \u017eiln\u00edho syst\u00e9mu. D\u00edky intuitivn\u00edmu ovl\u00e1d\u00e1n\u00ed, robustn\u00ed konstrukci a \u0161irok\u00fdm mo\u017enostem m\u011b\u0159en\u00ed jsou ide\u00e1ln\u00ed volbou pro nemocnice, c\u00e9vn\u00ed ambulance, angiologick\u00e9 praxe [&hellip;]<\/p>\n","protected":false},"author":1,"featured_media":45,"parent":0,"menu_order":0,"comment_status":"closed","ping_status":"closed","template":"","meta":{"iawp_total_views":177,"footnotes":""},"class_list":["post-8","page","type-page","status-publish","has-post-thumbnail","hentry"],"jetpack_sharing_enabled":true,"_links":{"self":[{"href":"https:\/\/www.scanlabpraha.cz\/index.php?rest_route=\/wp\/v2\/pages\/8","targetHints":{"allow":["GET"]}}],"collection":[{"href":"https:\/\/www.scanlabpraha.cz\/index.php?rest_route=\/wp\/v2\/pages"}],"about":[{"href":"https:\/\/www.scanlabpraha.cz\/index.php?rest_route=\/wp\/v2\/types\/page"}],"author":[{"embeddable":true,"href":"https:\/\/www.scanlabpraha.cz\/index.php?rest_route=\/wp\/v2\/users\/1"}],"replies":[{"embeddable":true,"href":"https:\/\/www.scanlabpraha.cz\/index.php?rest_route=%2Fwp%2Fv2%2Fcomments&post=8"}],"version-history":[{"count":57,"href":"https:\/\/www.scanlabpraha.cz\/index.php?rest_route=\/wp\/v2\/pages\/8\/revisions"}],"predecessor-version":[{"id":759,"href":"https:\/\/www.scanlabpraha.cz\/index.php?rest_route=\/wp\/v2\/pages\/8\/revisions\/759"}],"wp:featuredmedia":[{"embeddable":true,"href":"https:\/\/www.scanlabpraha.cz\/index.php?rest_route=\/wp\/v2\/media\/45"}],"wp:attachment":[{"href":"https:\/\/www.scanlabpraha.cz\/index.php?rest_route=%2Fwp%2Fv2%2Fmedia&parent=8"}],"curies":[{"name":"wp","href":"https:\/\/api.w.org\/{rel}","templated":true}]}}